{"id":1788,"date":"2020-01-05T03:10:15","date_gmt":"2020-01-05T03:10:15","guid":{"rendered":"https:\/\/thesocialleadershipcoach.com\/?post_type=product&#038;p=1788"},"modified":"2020-12-31T21:44:47","modified_gmt":"2020-12-31T21:44:47","slug":"grupo-apoyo-resoluciones-2020","status":"publish","type":"product","link":"https:\/\/tslc.ssquarestech.com\/es\/producto\/grupo-apoyo-resoluciones-2020\/","title":{"rendered":"Grupo de Apoyo Resoluciones 2020 (espa\u00f1ol)"},"content":{"rendered":"<p><strong>Qu\u00e9:<\/strong>\u00a0 La <strong><a href=\"https:\/\/tslc.ssquarestech.com\/about\/\">Social Leadership Coach<\/a><\/strong> te ofrece esta experiencia de coaching grupal para ayudarte a lograr tus resoluciones para el 2020.\u00a0 \u00bfTienes un sue\u00f1o?\u00a0 \u00bfQuieres cambiar el mundo?\u00a0 \u00bfQuieres acercarte a tu vida ideal?\u00a0 Este es tu momento.<\/p>\n<p><strong>Para:\u00a0<\/strong> Personas (especialmente mujeres) que desean apoyarse y enaltecerse mutuamente para lograr sus resoluciones.\u00a0 El grupo es de 9 participantes o menos.<\/p>\n<p><strong>Idioma:<\/strong>\u00a0 Espa\u00f1ol<\/p>\n<p><strong>Fecha de comienzo:<\/strong>\u00a0 21 de enero de 202o a las 7:30 PM EST<\/p>\n<p><strong>Itinerario:<\/strong>\u00a0 10 semanas, 5 sesiones bisemanales de 1 hora.\u00a0 \u00a0Las sesiones son los martes 21\/1, 4\/2, 18\/2, 3\/3, 17\/3 a las 7:30 PM EST.<\/p>\n<p><strong>Detalles log\u00edsticos:<\/strong>\u00a0 Este es un grupo de apoyo virtual, as\u00ed que todas nuestras interacciones son en l\u00ednea.\u00a0 Nuestras sesiones de coaching son video conferencias por el app Zoom.\u00a0 Son informales, as\u00ed que puedes participar en ropa casual de andar por casa sin preocupaciones.\u00a0 Tambi\u00e9n tenemos un grupo privado de Facebook para que puedas conectar con tus compa\u00f1eros entre sesiones.<\/p>\n<p><strong>Precio:<\/strong>\u00a0 $365*<\/p>\n<p>*Hay descuentos disponibles para l\u00edderes del tercer sector y ONGs.\u00a0 Tambi\u00e9n tenemos algunas becas para l\u00edderes sociales y j\u00f3venes merecedores que no puedan pagar.\u00a0 Si necesitas acceso a estos recursos, por favor cont\u00e1ctanos a info@thesocialleadershipcoach.com explicando tu situaci\u00f3n.<\/p>\n<p><strong>Normas grupales:<\/strong>\u00a0 Nuestras normas b\u00e1sicas son para promover una experiencia segura y enriquecedora para todos los participantes.<\/p>\n<p>Confidencialidad &#8211; lo que se comparte en el grupo, se queda en el grupo.<\/p>\n<p>Compromiso &#8211; todos estamos presentes, a tiempo y activos en las sesiones.<\/p>\n<p>Cero juicios &#8211; en el grupo, actuamos, escuchamos y reacciones desde un sentido de posibilidad, no del juicio.\u00a0 No nos criticamos ni ofendemos y tampoco damos opini\u00f3n a otro sin pedirle permiso.<\/p>\n<p>Tiempo justo &#8211; respetamos el turno de cada cual al hablar de manera directa y sin interrumpir.<\/p>\n<p>Alegr\u00eda &#8211; contribuimos a un ambiente grupal abierto, relajado y divertido.<\/p>\n<p><strong>Pol\u00edticas de la Coach:<\/strong>\u00a0 La coach se reserva el derecho de excluir del grupo a cualquiera que viole las normas grupales.\u00a0 De tener que cancelarse una sesi\u00f3n, esta ser\u00e1 recalendarizada para una nueva fecha.\u00a0 El costo del programa no es reembolsable tras el comienzo de la segunda sesi\u00f3n.\u00a0 Antes de eso, si el participante escoge abandonar el programa, puede solicitar el reembolso de 50%.<\/p>\n<p>Cualquier duda, puede contactarnos a <a href=\"mailto:info@thesocialleadershipcoach.com\">info@thesocialleadershipcoach.com<\/a>.<\/p>\n","protected":false},"excerpt":{"rendered":"<p>La Social Leadership Coach te ofrece esta experiencia de group coaching para ayudarte a lograr tus resoluciones para el 2020.\u00a0 \u00bfTienes un sue\u00f1o?\u00a0 \u00bfQuieres cambiar el mundo?\u00a0 \u00bfQuieres acercarte a tu vida ideal?\u00a0 Este es tu momento.<\/p>\n","protected":false},"featured_media":1821,"comment_status":"open","ping_status":"closed","template":"","meta":{"nf_dc_page":"","_exactmetrics_skip_tracking":false,"_exactmetrics_sitenote_active":false,"_exactmetrics_sitenote_note":"","_exactmetrics_sitenote_category":0},"product_brand":[],"product_cat":[354],"product_tag":[361,359,356,357,362,358,360],"class_list":{"0":"post-1788","1":"product","2":"type-product","3":"status-publish","4":"has-post-thumbnail","6":"product_cat-group-coaching","7":"product_tag-361","8":"product_tag-apoyo","9":"product_tag-coaching","10":"product_tag-coaching-grupal","11":"product_tag-espanol","12":"product_tag-grupo","13":"product_tag-resoluciones","15":"first","16":"outofstock","17":"virtual","18":"purchasable","19":"product-type-simple"},"_links":{"self":[{"href":"https:\/\/tslc.ssquarestech.com\/es\/wp-json\/wp\/v2\/product\/1788","targetHints":{"allow":["GET"]}}],"collection":[{"href":"https:\/\/tslc.ssquarestech.com\/es\/wp-json\/wp\/v2\/product"}],"about":[{"href":"https:\/\/tslc.ssquarestech.com\/es\/wp-json\/wp\/v2\/types\/product"}],"replies":[{"embeddable":true,"href":"https:\/\/tslc.ssquarestech.com\/es\/wp-json\/wp\/v2\/comments?post=1788"}],"wp:featuredmedia":[{"embeddable":true,"href":"https:\/\/tslc.ssquarestech.com\/es\/wp-json\/wp\/v2\/media\/1821"}],"wp:attachment":[{"href":"https:\/\/tslc.ssquarestech.com\/es\/wp-json\/wp\/v2\/media?parent=1788"}],"wp:term":[{"taxonomy":"product_brand","embeddable":true,"href":"https:\/\/tslc.ssquarestech.com\/es\/wp-json\/wp\/v2\/product_brand?post=1788"},{"taxonomy":"product_cat","embeddable":true,"href":"https:\/\/tslc.ssquarestech.com\/es\/wp-json\/wp\/v2\/product_cat?post=1788"},{"taxonomy":"product_tag","embeddable":true,"href":"https:\/\/tslc.ssquarestech.com\/es\/wp-json\/wp\/v2\/product_tag?post=1788"}],"curies":[{"name":"wp","href":"https:\/\/api.w.org\/{rel}","templated":true}]}}