{"id":4737,"date":"2025-05-01T22:31:08","date_gmt":"2025-05-01T22:31:08","guid":{"rendered":"https:\/\/thesocialleadershipcoach.com\/?page_id=4737"},"modified":"2025-05-29T18:00:08","modified_gmt":"2025-05-29T18:00:08","slug":"democracia-feliz","status":"publish","type":"page","link":"https:\/\/tslc.ssquarestech.com\/es\/democracia-feliz\/","title":{"rendered":"Iniciativa de Coaching para una Democracia Feliz"},"content":{"rendered":"<div class=\"wp-block-image\">\n<figure class=\"aligncenter size-full is-resized\"><img decoding=\"async\" width=\"400\" height=\"255\" loading=\"lazy\" src=\"https:\/\/tslc.ssquarestech.com\/wp-content\/uploads\/2025\/03\/joyful-democracy-2.png\" alt=\"Una sesi\u00f3n de coaching entre una mujer mayor y otra m\u00e1s joven con la Declaraci\u00f3n de Independencia de EEUU de fondo\" class=\"wp-image-4597\" style=\"width:682px;height:auto\" title=\"\" srcset=\"https:\/\/tslc.ssquarestech.com\/wp-content\/uploads\/2025\/03\/joyful-democracy-2.png 400w, https:\/\/tslc.ssquarestech.com\/wp-content\/uploads\/2025\/03\/joyful-democracy-2-300x191.png 300w, https:\/\/tslc.ssquarestech.com\/wp-content\/uploads\/2025\/03\/joyful-democracy-2-94x60.png 94w, https:\/\/tslc.ssquarestech.com\/wp-content\/uploads\/2025\/03\/joyful-democracy-2-141x90.png 141w\" sizes=\"auto, (max-width: 400px) 100vw, 400px\" \/><figcaption class=\"wp-element-caption\"><strong>Iniciativa de Coaching para una Democracia Feliz<\/strong><\/figcaption><\/figure>\n<\/div>\n\n\n<h2 class=\"wp-block-heading\">Cuidado de la resiliencia para sostener a los que trabajan por la justicia<\/h2>\n\n\n\n<p class=\"\">\ud83c\udf3f Consulta nuestras <strong><a href=\"#resilience-tools\">herramientas para el cuidado de la resiliencia<\/a><\/strong><\/p>\n\n\n<div class=\"wp-block-image\">\n<figure class=\"alignleft size-large is-resized\"><img decoding=\"async\" width=\"1024\" height=\"1024\" loading=\"lazy\" src=\"https:\/\/tslc.ssquarestech.com\/wp-content\/uploads\/2025\/05\/democracia-feliz-definicion-1024x1024.png\" alt=\"Nuestra definici\u00f3n de una democracia feliz\" class=\"wp-image-4743\" style=\"width:507px;height:auto\" title=\"\" srcset=\"https:\/\/tslc.ssquarestech.com\/wp-content\/uploads\/2025\/05\/democracia-feliz-definicion-1024x1024.png 1024w, https:\/\/tslc.ssquarestech.com\/wp-content\/uploads\/2025\/05\/democracia-feliz-definicion-300x300.png 300w, https:\/\/tslc.ssquarestech.com\/wp-content\/uploads\/2025\/05\/democracia-feliz-definicion-150x150.png 150w, https:\/\/tslc.ssquarestech.com\/wp-content\/uploads\/2025\/05\/democracia-feliz-definicion-768x768.png 768w, https:\/\/tslc.ssquarestech.com\/wp-content\/uploads\/2025\/05\/democracia-feliz-definicion-600x600.png 600w, https:\/\/tslc.ssquarestech.com\/wp-content\/uploads\/2025\/05\/democracia-feliz-definicion-100x100.png 100w, https:\/\/tslc.ssquarestech.com\/wp-content\/uploads\/2025\/05\/democracia-feliz-definicion-60x60.png 60w, https:\/\/tslc.ssquarestech.com\/wp-content\/uploads\/2025\/05\/democracia-feliz-definicion-90x90.png 90w, https:\/\/tslc.ssquarestech.com\/wp-content\/uploads\/2025\/05\/democracia-feliz-definicion.png 1200w\" sizes=\"auto, (max-width: 1024px) 100vw, 1024px\" \/><\/figure>\n<\/div>\n\n\n<p class=\"\">La democracia feliz es la democracia en la que te sientes capacitada, comprometida y llena de energ\u00eda:<br>no s\u00f3lo sobreviviendo la lucha, sino prosperando en ella.<\/p>\n\n\n\n<p class=\"\">Si organizas, defiendes, educas, litigas, investigas, informas o construyes un mundo m\u00e1s justo, no s\u00f3lo est\u00e1s haciendo un trabajo &#8211;<br>est\u00e1s sosteniendo la propia democracia.<\/p>\n\n\n\n<p class=\"\">Ese trabajo es valiente.<br>Pero seamos realistas: tambi\u00e9n es agotador.<\/p>\n\n\n\n<p class=\"\">Te enfrentas al agotamiento, a la reacci\u00f3n virulenta y a sistemas que no se dise\u00f1aron para que prosperaras.<br>Y, sin embargo, sigues adelante. <\/p>\n\n\n\n<p class=\"\">Por eso creamos la Iniciativa de Coaching para una Democracia Feliz-<br>para cuidar de <em>ti<\/em>, de las personas que trabajan por la justicia.<\/p>\n\n\n\n<h2 class=\"wp-block-heading\">Por qu\u00e9 existe esta iniciativa<\/h2>\n\n\n\n<p class=\"\">No eres una m\u00e1quina. No eres una funci\u00f3n. Eres una persona con un coraz\u00f3n, una historia y una visi\u00f3n.  <\/p>\n\n\n\n<p class=\"\">En The Social Leadership Coach, creemos que sostener la democracia empieza por sostener a las personas que la defienden.<\/p>\n\n\n\n<p class=\"\">Esta iniciativa es nuestra carta de amor a TI como defensora de la democracia feliz: est\u00e1 dirigida por voluntarias, impulsada por valores y construida para servir.<\/p>\n\n\n\n<p class=\"\">\u00bfNuestro objetivo? Resiliencia, claridad y felicidad para quienes hacen el trabajo m\u00e1s duro. <\/p>\n\n\n\n<h2 class=\"wp-block-heading\" id=\"resilience-tools\">Nuestras Herramientas de Cuidado de la Resiliencia para Defensoras de la Democracia Feliz<\/h2>\n\n\n\n<p class=\"has-black-color has-text-color has-link-color wp-elements-6c96611a7f8b9005148d86c91d858ea0\">Ofrecemos 3 herramientas gratuitas para el cuidado de la resiliencia: un libro, un c\u00edrculo de lectura y un programa de coaching individual. Puedes utilizar alguna o todas. Utiliza lo que te convenga. Deja lo que no. Vuelve cuando lo necesites.    <\/p>\n\n\n<div class=\"wp-block-image\">\n<figure class=\"alignright size-full is-resized\"><a href=\"https:\/\/designrr.page\/?id=485560&amp;token=661022845&amp;h=5174\" target=\"_blank\" rel=\"noopener\"><img decoding=\"async\" width=\"1600\" height=\"2400\" loading=\"lazy\" src=\"https:\/\/tslc.ssquarestech.com\/wp-content\/uploads\/2025\/05\/La-alegria-tambien-es-resistencia-done-in-canva-1600x2400-1.png\" alt=\"\" class=\"wp-image-4739\" style=\"width:243px;height:auto\" title=\"\" srcset=\"https:\/\/tslc.ssquarestech.com\/wp-content\/uploads\/2025\/05\/La-alegria-tambien-es-resistencia-done-in-canva-1600x2400-1.png 1600w, https:\/\/tslc.ssquarestech.com\/wp-content\/uploads\/2025\/05\/La-alegria-tambien-es-resistencia-done-in-canva-1600x2400-1-200x300.png 200w, https:\/\/tslc.ssquarestech.com\/wp-content\/uploads\/2025\/05\/La-alegria-tambien-es-resistencia-done-in-canva-1600x2400-1-683x1024.png 683w, https:\/\/tslc.ssquarestech.com\/wp-content\/uploads\/2025\/05\/La-alegria-tambien-es-resistencia-done-in-canva-1600x2400-1-768x1152.png 768w, https:\/\/tslc.ssquarestech.com\/wp-content\/uploads\/2025\/05\/La-alegria-tambien-es-resistencia-done-in-canva-1600x2400-1-1024x1536.png 1024w, https:\/\/tslc.ssquarestech.com\/wp-content\/uploads\/2025\/05\/La-alegria-tambien-es-resistencia-done-in-canva-1600x2400-1-1365x2048.png 1365w, https:\/\/tslc.ssquarestech.com\/wp-content\/uploads\/2025\/05\/La-alegria-tambien-es-resistencia-done-in-canva-1600x2400-1-600x900.png 600w, https:\/\/tslc.ssquarestech.com\/wp-content\/uploads\/2025\/05\/La-alegria-tambien-es-resistencia-done-in-canva-1600x2400-1-40x60.png 40w, https:\/\/tslc.ssquarestech.com\/wp-content\/uploads\/2025\/05\/La-alegria-tambien-es-resistencia-done-in-canva-1600x2400-1-60x90.png 60w\" sizes=\"auto, (max-width: 1600px) 100vw, 1600px\" \/><\/a><\/figure>\n<\/div>\n\n\n<h3 class=\"wp-block-heading\" id=\"book-thiswork\">\ud83d\udcd81. El Libro &#8211; <em>La alegr\u00eda tambi\u00e9n es resistencia: Una gu\u00eda para sostenerte y sostener en el trabajo por la justicia<\/em><\/h3>\n\n\n\n<p class=\"\">Una invitaci\u00f3n a liderar sin romperte. Con reflexiones, pr\u00e1cticas y coaching, este libro acompa\u00f1a a quienes luchan por la justicia a sostenerse con alegr\u00eda, resiliencia y prop\u00f3sito. La alegr\u00eda no es un premio: es resistencia.<\/p>\n\n\n\n<p class=\"\">\ud83d\udcd6<strong> <a href=\"https:\/\/designrr.page\/?id=485560&amp;token=661022845&amp;h=5174\" target=\"_blank\" rel=\"noopener\">Lee el libro GRATIS en formato PDF<\/a><a href=\"https:\/\/designrr.page\/?id=465787&amp;token=962890032&amp;h=5278\" target=\"_blank\" rel=\"noopener\"> <\/a><\/strong><\/p>\n\n\n\n<p class=\"\">\ud83c\udfa7 <a href=\"https:\/\/designrr.s3.amazonaws.com\/cristina_at_thesocialleadershipcoach.com_399195\/book-1554880-1744402621.mp3.mp3\" target=\"_blank\" rel=\"noopener\"><strong>Escucha la versi\u00f3n narrada por IA GRATIS en formato MP3<\/strong><\/a><\/p>\n\n\n\n<p class=\"\">\ud83d\udc49 Compra el libro en <strong><a href=\"https:\/\/amzn.to\/3GMPn1s\" target=\"_blank\" rel=\"noopener\">Amazon<\/a><\/strong> o en <strong><a href=\"https:\/\/books2read.com\/u\/b5Gp0A\" target=\"_blank\" rel=\"noopener\">otros distribuidores<\/a><\/strong> (es una forma estupenda de apoyar nuestro trabajo)<\/p>\n\n\n\n<hr class=\"wp-block-separator has-alpha-channel-opacity\"\/>\n\n\n<div class=\"wp-block-image\">\n<figure class=\"alignleft size-full is-resized\"><a href=\"https:\/\/designrr.page\/?id=488970&amp;token=4021046624&amp;h=4190\" target=\"_blank\" rel=\"noopener\"><img decoding=\"async\" width=\"600\" height=\"784\" loading=\"lazy\" src=\"https:\/\/tslc.ssquarestech.com\/wp-content\/uploads\/2025\/05\/Screenshot-2025-05-02-183025.png\" alt=\"\" class=\"wp-image-4755\" style=\"width:237px;height:auto\" title=\"\" srcset=\"https:\/\/tslc.ssquarestech.com\/wp-content\/uploads\/2025\/05\/Screenshot-2025-05-02-183025.png 600w, https:\/\/tslc.ssquarestech.com\/wp-content\/uploads\/2025\/05\/Screenshot-2025-05-02-183025-230x300.png 230w, https:\/\/tslc.ssquarestech.com\/wp-content\/uploads\/2025\/05\/Screenshot-2025-05-02-183025-46x60.png 46w, https:\/\/tslc.ssquarestech.com\/wp-content\/uploads\/2025\/05\/Screenshot-2025-05-02-183025-69x90.png 69w\" sizes=\"auto, (max-width: 600px) 100vw, 600px\" \/><\/a><\/figure>\n<\/div>\n\n\n<h3 class=\"wp-block-heading\">\ud83d\udc65 2. C\u00edrculos de lectura &#8211; C\u00edrculos de lectura para una democracia feliz <\/h3>\n\n\n\n<p class=\"\">La democracia se sustenta en comunidad.<\/p>\n\n\n\n<p class=\"\">Los C\u00edrculos de Lectura para una Democracia Feliz son espacios para grupos peque\u00f1os en los que los defensoras pueden reunirse, reflexionar y reconectar, guiadas por el <a href=\"#book-thiswork\"><strong>libro<\/strong> <\/a>y una <a href=\"https:\/\/designrr.page\/?id=488970&amp;token=4021046624&amp;h=4190\" target=\"_blank\" rel=\"noopener\"><strong>gu\u00eda de facilitaci\u00f3n gratuita<\/strong><\/a>.<\/p>\n\n\n\n<p class=\"\">\u00danete a un c\u00edrculo organizado por nosotras, o inicia el tuyo propio con colegas, voluntarias o amigas.<\/p>\n\n\n\n<p class=\"\">\ud83d\udcd6 <strong><a href=\"https:\/\/designrr.page\/?id=488970&amp;token=4021046624&amp;h=4190\" target=\"_blank\" rel=\"noopener\">Accede GRATIS a la Gu\u00eda de Facilitaci\u00f3n del C\u00edrculo de Lectura en formato PDF<\/a><\/strong><\/p>\n\n\n\n<h4 class=\"wp-block-heading\">Ap\u00fantate a nuestras pr\u00f3ximas fechas del C\u00edrculo de Lectura en espa\u00f1ol<\/h4>\n\n\n\n<p class=\"\">\ud83d\udcc5 <strong><a href=\"https:\/\/us02web.zoom.us\/meeting\/register\/WScHvOZkSZqBYzEU2-3YJw\" target=\"_blank\" rel=\"noopener\">Empezando el 17 de junio de 2025 &#8211; 4 martes a las 7:30 PM Hora Puerto Rico<\/a><\/strong><\/p>\n\n\n\n<p class=\"\"><\/p>\n\n\n\n<hr class=\"wp-block-separator has-alpha-channel-opacity\"\/>\n\n\n\n<h3 class=\"wp-block-heading\" id=\"joyful-coaching\">\ud83d\udcac 3. Coaching individual <\/h3>\n\n\n\n<p class=\"\">No tienes que salir adelante sola.<\/p>\n\n\n\n<p class=\"\">Este programa te empareja con una coach acreditada para un m\u00e1ximo de 5 <strong>sesiones de coaching gratuitas y confidenciales<\/strong>. Juntas, pueden crear un espacio para: <\/p>\n\n\n\n<p class=\"\">Reconectar con tu prop\u00f3sito y tu poder<\/p>\n\n\n\n<p class=\"\">Centrarte y renovar tu energ\u00eda<\/p>\n\n\n\n<p class=\"\">Superar los retos del liderazgo y activismo<\/p>\n\n\n\n<p class=\"\">\ud83d\udc49 <strong><a href=\"https:\/\/forms.gle\/SuNRbLAxejgPt46p9\" target=\"_blank\" rel=\"noopener\">Solicitar coaching<\/a><\/strong><\/p>\n\n\n\n<p class=\"\">Las sesiones son gratuitas.<br>Si quieres, puedes contribuir con una cantidad simb\u00f3lica de 7,25 $\/hora (el salario m\u00ednimo federal de EEUU) para reflejar y honrar las realidades econ\u00f3micas del trabajo que defiende la democracia).<\/p>\n\n\n\n<h2 class=\"wp-block-heading\">T\u00fa importas. Tu liderazgo importa. Tu alegr\u00eda importa.  <\/h2>\n\n\n\n<p class=\"\">Las personas sostienen la democracia.<br>Las personas son sostenidas por comunidad.<\/p>\n\n\n\n<p class=\"\">T\u00fa cuidas de la democracia. Estamos aqu\u00ed para cuidar de <em>ti<\/em>. <\/p>\n\n\n\n<hr class=\"wp-block-separator has-alpha-channel-opacity\"\/>\n\n\n\n<p class=\"\">\u00bfPreguntas o ideas? Ponte en contacto con nosotras: <a href=\"mailto:joyfuldemocracy@thesocialleadershipcoach.com\"><strong><em>joyfuldemocracy@thesocialleadershipcoach.com<\/em><\/strong><\/a>. <\/p>\n\n\n\n<p class=\"\">M\u00e1s informaci\u00f3n sobre las <strong><a href=\"https:\/\/tslc.ssquarestech.com\/es\/acerca\/\">co-creadoras<\/a> <\/strong>de esta iniciativa explorando <a href=\"https:\/\/tslc.ssquarestech.com\/es\/\"><strong>The Social Leadership Coach<\/strong><\/a>.<\/p>\n\n\n\n<p class=\"\">\ud83e\udd1d\u00bfCoach, te interesa darte de voluntaria? Solicita<strong><a href=\"https:\/\/forms.gle\/5fr8ZqA8n1CQ3t4h9\" target=\"_blank\" rel=\"noopener\"> aqu\u00ed<\/a><\/strong>.<\/p>\n\n\n\n<details class=\"wp-block-details is-layout-flow wp-block-details-is-layout-flow\"><summary>Preguntas frecuentes<\/summary>\n<p class=\"\">P<strong>: \u00bfPueden los coaches no acreditados ofrecerse como voluntarios para la Iniciativa?<\/strong><br><\/p>\n\n\n\n<p class=\"\">R: \u00a1Por supuesto! Los coaches no acreditados pueden contribuir de formas valiosas, como coordinando esfuerzos, facilitando experiencias de aprendizaje en grupo y clubes de lectura, u ofreciendo talleres sobre temas como la resiliencia, el liderazgo o el bienestar. <\/p>\n\n\n\n<p class=\"\">Para los compromisos de coaching individual, damos prioridad a los coaches con credenciales de organismos reconocidos internacionalmente (como la ICF, la EMCC, la IAC, la Association for Coaching o la certificaci\u00f3n Board). Estas credenciales garantizan normas \u00e9ticas y acuerdos claros entre coaches y clientes. <\/p>\n\n\n\n<p class=\"\">Si eres un coach no acreditado al que le apasiona proporcionar coaching individual, te animamos a que explores las v\u00edas de acreditaci\u00f3n mientras participas en otras funciones de gran impacto dentro de la iniciativa. Nos encantar\u00eda que formaras parte de esta comunidad. <\/p>\n\n\n\n<p class=\"\"><strong>P: \u00bfQui\u00e9n puede recibir coaching?<\/strong><\/p>\n\n\n\n<p class=\"\"><strong>R:<\/strong> El Coaching est\u00e1 disponible para las personas que trabajan para defender la democracia feliz, incluidos organizadores, defensores de los derechos civiles, defensores legales y otras personas implicadas en el compromiso c\u00edvico, la justicia y los esfuerzos de construcci\u00f3n de la democracia. Esto incluye tanto al personal como a los voluntarios de organizaciones sin \u00e1nimo de lucro, grupos de activismo, iniciativas de base y espacios similares. <\/p>\n\n\n\n<p class=\"\">Si no est\u00e1s seguro de reunir los requisitos, \u00a1presenta tu solicitud de todos modos! Estamos aqu\u00ed para apoyar a quienes hacen el duro trabajo de mantener la democracia. <\/p>\n\n\n\n<h4 class=\"wp-block-heading\"><strong>P: \u00bfEn qu\u00e9 tipo de retos puede ayudar el coaching?<\/strong><\/h4>\n\n\n\n<p class=\"\"><strong>R:<\/strong> El coaching proporciona un espacio para reflexionar, elaborar estrategias y desarrollar la resiliencia. Algunos temas habituales son <\/p>\n\n\n\n<ul class=\"wp-block-list\">\n<li class=\"\">Prevenir el agotamiento y mantener la energ\u00eda en un trabajo exigente<\/li>\n\n\n\n<li class=\"\">Navegar por los retos del liderazgo y la toma de decisiones<\/li>\n\n\n\n<li class=\"\">Reforzar las habilidades de comunicaci\u00f3n y resoluci\u00f3n de conflictos<\/li>\n\n\n\n<li class=\"\">Gestionar el estr\u00e9s, el agobio y el agotamiento emocional<\/li>\n\n\n\n<li class=\"\">Clarificar los objetivos y alinear los valores personales con el trabajo profesional<\/li>\n\n\n\n<li class=\"\">Reconectar con el prop\u00f3sito y la motivaci\u00f3n<\/li>\n<\/ul>\n\n\n\n<p class=\"\">Cada experiencia de coaching es \u00fanica, basada en lo que m\u00e1s necesitas.<\/p>\n\n\n\n<h4 class=\"wp-block-heading\"><strong>P: \u00bfC\u00f3mo s\u00e9 si el coaching es adecuado para m\u00ed o para mi organizaci\u00f3n?<\/strong><\/h4>\n\n\n\n<p class=\"\"><strong>R:<\/strong> Si t\u00fa o tu equipo se enfrentan al estr\u00e9s, a la fatiga por las decisiones o al desgaste emocional de trabajar en espacios que defienden la democracia, el coaching puede proporcionar alivio y apoyo. El coaching es ideal para quienes desean: <\/p>\n\n\n\n<ul class=\"wp-block-list\">\n<li class=\"\">Obtener claridad sobre los retos y los pr\u00f3ximos pasos<\/li>\n\n\n\n<li class=\"\">Desarrollar la resiliencia y evitar el agotamiento<\/li>\n\n\n\n<li class=\"\">Reforzar la capacidad de liderazgo y la autoeficacia<\/li>\n\n\n\n<li class=\"\">Disponer de un espacio confidencial y de apoyo para procesar sus experiencias<\/li>\n<\/ul>\n\n\n\n<p class=\"\">Si a\u00fan no est\u00e1s seguro, no dudes en ponerte en contacto con nosotros con tus preguntas o solicitar una conversaci\u00f3n para explorar la idoneidad.<\/p>\n\n\n\n<h4 class=\"wp-block-heading\"><strong>P: \u00bfC\u00f3mo se empareja a los coaches con los participantes?<\/strong><\/h4>\n\n\n\n<p class=\"\"><strong>R:<\/strong> Los participantes proporcionan informaci\u00f3n en su solicitud sobre sus necesidades y preferencias. A continuaci\u00f3n, los emparejamos con un coach voluntario acreditado cuya experiencia coincida con sus objetivos. <\/p>\n\n\n\n<p class=\"\">El emparejamiento se basa en la disponibilidad, el estilo de coaching y los retos espec\u00edficos a los que se enfrentan los participantes. Una vez conectados, el coach y el participante establecen su propio acuerdo de coaching basado en el C\u00f3digo \u00c9tico de la ICF. <\/p>\n\n\n\n<h4 class=\"wp-block-heading\"><strong>P: \u00bfEs el coaching lo mismo que la terapia o la tutor\u00eda?<\/strong><\/h4>\n\n\n\n<p class=\"\"><strong>R:<\/strong> No, el coaching es distinto de la terapia y la tutor\u00eda:<\/p>\n\n\n\n<ul class=\"wp-block-list\">\n<li class=\"\"><strong>La terapia<\/strong> se centra en curar las heridas del pasado, los problemas de salud mental y el procesamiento emocional. El coaching, en cambio, se centra en el futuro y est\u00e1 orientado a la acci\u00f3n. <\/li>\n\n\n\n<li class=\"\"><strong>La mentor\u00eda<\/strong> implica la orientaci\u00f3n por parte de alguien experto en un campo concreto. El coaching no proporciona consejos ni directrices, sino que ayuda a los clientes a desarrollar sus propias ideas y estrategias. <\/li>\n<\/ul>\n\n\n\n<p class=\"\">El coaching consiste en capacitar a las personas para que encuentren sus propias soluciones, superen los retos y construyan un bienestar sostenible.<\/p>\n\n\n\n<p class=\"\"><\/p>\n<\/details>\n\n\n\n<p class=\"\"><\/p>\n","protected":false},"excerpt":{"rendered":"<p>Cuidado de la resiliencia para sostener a los que trabajan por la justicia \ud83c\udf3f Consulta nuestras herramientas para el cuidado [&hellip;]<\/p>\n","protected":false},"author":1,"featured_media":4598,"parent":0,"menu_order":0,"comment_status":"closed","ping_status":"closed","template":"","meta":{"nf_dc_page":"","_exactmetrics_skip_tracking":false,"_exactmetrics_sitenote_active":false,"_exactmetrics_sitenote_note":"","_exactmetrics_sitenote_category":0,"footnotes":""},"class_list":["post-4737","page","type-page","status-publish","has-post-thumbnail","hentry"],"_links":{"self":[{"href":"https:\/\/tslc.ssquarestech.com\/es\/wp-json\/wp\/v2\/pages\/4737","targetHints":{"allow":["GET"]}}],"collection":[{"href":"https:\/\/tslc.ssquarestech.com\/es\/wp-json\/wp\/v2\/pages"}],"about":[{"href":"https:\/\/tslc.ssquarestech.com\/es\/wp-json\/wp\/v2\/types\/page"}],"author":[{"embeddable":true,"href":"https:\/\/tslc.ssquarestech.com\/es\/wp-json\/wp\/v2\/users\/1"}],"replies":[{"embeddable":true,"href":"https:\/\/tslc.ssquarestech.com\/es\/wp-json\/wp\/v2\/comments?post=4737"}],"version-history":[{"count":5,"href":"https:\/\/tslc.ssquarestech.com\/es\/wp-json\/wp\/v2\/pages\/4737\/revisions"}],"predecessor-version":[{"id":4776,"href":"https:\/\/tslc.ssquarestech.com\/es\/wp-json\/wp\/v2\/pages\/4737\/revisions\/4776"}],"wp:featuredmedia":[{"embeddable":true,"href":"https:\/\/tslc.ssquarestech.com\/es\/wp-json\/wp\/v2\/media\/4598"}],"wp:attachment":[{"href":"https:\/\/tslc.ssquarestech.com\/es\/wp-json\/wp\/v2\/media?parent=4737"}],"curies":[{"name":"wp","href":"https:\/\/api.w.org\/{rel}","templated":true}]}}