{"id":354,"date":"2019-03-20T14:45:01","date_gmt":"2019-03-20T14:45:01","guid":{"rendered":"https:\/\/thesocialleadershipcoach.com\/un-poco-sobre-the-social-leadership-coach\/"},"modified":"2025-03-23T01:48:00","modified_gmt":"2025-03-23T01:48:00","slug":"acerca","status":"publish","type":"page","link":"https:\/\/tslc.ssquarestech.com\/es\/acerca\/","title":{"rendered":"Acerca de The Social Leadership Coach"},"content":{"rendered":"<div class=\"wpb-content-wrapper\">\n[vc_row][vc_column][vc_column_text]\n\n<h2 class=\"wp-block-heading\">Cristina Custodio, MBA ICF-MCC<\/h2>\n<div class=\"wp-block-image wp-image-4215 size-medium\">\n<figure class=\"alignleft size-full is-resized\"><img decoding=\"async\" width=\"1024\" height=\"1024\" loading=\"lazy\" src=\"https:\/\/tslc.ssquarestech.com\/wp-content\/uploads\/2025\/03\/130-42dJrEyISg0.jpeg\" alt=\"Cristina Custodio, MBA ICF-MCC\" class=\"wp-image-4626\" style=\"width:316px;height:auto\" title=\"\" srcset=\"https:\/\/tslc.ssquarestech.com\/wp-content\/uploads\/2025\/03\/130-42dJrEyISg0.jpeg 1024w, https:\/\/tslc.ssquarestech.com\/wp-content\/uploads\/2025\/03\/130-42dJrEyISg0-300x300.jpeg 300w, https:\/\/tslc.ssquarestech.com\/wp-content\/uploads\/2025\/03\/130-42dJrEyISg0-150x150.jpeg 150w, https:\/\/tslc.ssquarestech.com\/wp-content\/uploads\/2025\/03\/130-42dJrEyISg0-768x768.jpeg 768w, https:\/\/tslc.ssquarestech.com\/wp-content\/uploads\/2025\/03\/130-42dJrEyISg0-600x600.jpeg 600w, https:\/\/tslc.ssquarestech.com\/wp-content\/uploads\/2025\/03\/130-42dJrEyISg0-100x100.jpeg 100w, https:\/\/tslc.ssquarestech.com\/wp-content\/uploads\/2025\/03\/130-42dJrEyISg0-60x60.jpeg 60w, https:\/\/tslc.ssquarestech.com\/wp-content\/uploads\/2025\/03\/130-42dJrEyISg0-90x90.jpeg 90w\" sizes=\"auto, (max-width: 1024px) 100vw, 1024px\" \/><figcaption class=\"wp-element-caption\">Cristina Custodio, MBA ICF-MCC, Fundadora y Socia<\/figcaption><\/figure>\n<\/div>\n<p>Ayudo a las l\u00edderes sociales a hacer realidad sus sue\u00f1os de un mundo m\u00e1s equitativo y sostenible, a su propio estilo y en sus propios t\u00e9rminos.<\/p>\n\n<p>Tengo 25 a\u00f1os de experiencia en liderazgo y gesti\u00f3n. Desde 2011, he coachado a l\u00edderes sociales en educaci\u00f3n, filantrop\u00eda, emprendimiento social, desarrollo comunitario, sostenibilidad econ\u00f3mica, medio ambiente, salud p\u00fablica, STEM, Naciones Unidas y artes. <\/p>\n\n<p>He sido coach de la Comunidad para la Colaboraci\u00f3n y la Innovaci\u00f3n Social (CCIS) de la Fundaci\u00f3n Banco Popular y facilitadora del Grupo de Trabajo de Ni\u00f1os y J\u00f3venes de Puerto Rico.  <\/p>\n\n<p>Pertenezco a la Junta Directiva mundial de <a href=\"https:\/\/coachingfederation.org\/coaching-education\" target=\"_blank\" rel=\"noopener\"><strong>ICF Educaci\u00f3n en Coaching<\/strong><\/a> y al Consejo Global de Diversidad de la ICF. He sido Embajadora de la <a href=\"https:\/\/foundationoficf.org\/?utm_source=ICF-site&amp;utm_medium=direct-link&amp;utm_campaign=icf-to-foundation\" target=\"_blank\" rel=\"noopener\"><strong>Fundaci\u00f3n ICF<\/strong><\/a>. <\/p>\n\n<p>Soy una <a href=\"https:\/\/www.credly.com\/badges\/9e629c7e-dbc1-40b0-b5d9-286e8b0416a9\/public_url\" target=\"_blank\" rel=\"noopener\"><strong>ICF-MCC<\/strong><\/a> (Master Certified Coach de la Federaci\u00f3n Internacional de Coaching) con una bachillerato\/licenciatura (Historia y Literatura) y un MBA de la Universidad de Harvard. Poseo certificados adicionales en Coaching de Liderazgo Empresarial Consciente, Coaching de Grupo, Coaching de Liderazgo en Plano Superior, Formaci\u00f3n de Evaluadores ICF PCC, Innovaci\u00f3n Social, Desarrollo de Cursos en L\u00ednea y Cuestiones Cr\u00edticas de la Educaci\u00f3n Urbana. En 2024, me concedieron el <a href=\"https:\/\/instituteofcoaching.org\/award-winners\" target=\"_blank\" rel=\"noopener\"><strong>Premio Ellen Shub de Coaching para el Bien Social<\/strong><\/a> del Instituto de Coaching Harvard\/McLean. Tambi\u00e9n he sido reconocida como una de las<strong> <a href=\"https:\/\/tx.bz-mail-us1.com\/1\/l\/a8fb528f4bd24185b6f1019211466eec?rl=https%3A%2F%2Fcoachfoundation.com%2Fblog%2Ftop-leadership-coaches%2F\" target=\"_blank\" rel=\"noopener\"> Mejores Coaches de Liderazgo <\/a><\/strong>por <a href=\"https:\/\/tx.bz-mail-us1.com\/1\/l\/6a4855916dcf4a4981a04d81273dff8e?rl=https%3A%2F%2Fcoachfoundation.com\" target=\"_blank\" rel=\"noopener\">la Coach Foundation<\/a>. Puedes saber m\u00e1s sobre mi experiencia a trav\u00e9s de <strong><a href=\"https:\/\/www.linkedin.com\/in\/soleadcoach\/\" target=\"_blank\" rel=\"noopener\">mi perfil de LinkedIn<\/a><\/strong>.    <\/p>\n\n<h2 class=\"wp-block-heading\">Gloria Custodio, Esq ICF-PCC<\/h2>\n<div class=\"wp-block-image\">\n<figure class=\"alignright size-full is-resized\"><img decoding=\"async\" width=\"1024\" height=\"1024\" loading=\"lazy\" src=\"https:\/\/tslc.ssquarestech.com\/wp-content\/uploads\/2025\/02\/Gloria-Custodio-Esq-ICF-PCC.jpg\" alt=\"Gloria Custodio con estanter&#xED;as de libros al fondo\" class=\"wp-image-4576\" style=\"aspect-ratio:1;width:280px;height:auto\" title=\"\" srcset=\"https:\/\/tslc.ssquarestech.com\/wp-content\/uploads\/2025\/02\/Gloria-Custodio-Esq-ICF-PCC.jpg 1024w, https:\/\/tslc.ssquarestech.com\/wp-content\/uploads\/2025\/02\/Gloria-Custodio-Esq-ICF-PCC-300x300.jpg 300w, https:\/\/tslc.ssquarestech.com\/wp-content\/uploads\/2025\/02\/Gloria-Custodio-Esq-ICF-PCC-150x150.jpg 150w, https:\/\/tslc.ssquarestech.com\/wp-content\/uploads\/2025\/02\/Gloria-Custodio-Esq-ICF-PCC-768x768.jpg 768w, https:\/\/tslc.ssquarestech.com\/wp-content\/uploads\/2025\/02\/Gloria-Custodio-Esq-ICF-PCC-600x600.jpg 600w, https:\/\/tslc.ssquarestech.com\/wp-content\/uploads\/2025\/02\/Gloria-Custodio-Esq-ICF-PCC-100x100.jpg 100w, https:\/\/tslc.ssquarestech.com\/wp-content\/uploads\/2025\/02\/Gloria-Custodio-Esq-ICF-PCC-60x60.jpg 60w, https:\/\/tslc.ssquarestech.com\/wp-content\/uploads\/2025\/02\/Gloria-Custodio-Esq-ICF-PCC-90x90.jpg 90w\" sizes=\"auto, (max-width: 1024px) 100vw, 1024px\" \/><figcaption class=\"wp-element-caption\">Gloria Custodio, Abogada, ICF-PCC, Socia Directora<\/figcaption><\/figure>\n<\/div>\n<p>Ayudo a los l\u00edderes a recuperar su tiempo, energ\u00eda y alegr\u00eda para que puedan liderar con claridad, confianza e impacto, en sus propios t\u00e9rminos.<\/p>\n\n<p>Tengo m\u00e1s de 25 a\u00f1os de experiencia en derecho, empresa, educaci\u00f3n y liderazgo. He sido oficial jur\u00eddico del Tribunal Federal estadounidense, propietaria y directora general de un negocio minorista millonario, instructora universitaria, profesora, miembro de una junta directiva de una organizaci\u00f3n sin \u00e1nimo de lucro y administradora de una escuela. Mi diversa carrera me ha proporcionado una profunda visi\u00f3n del liderazgo, la resiliencia y las complejidades del cambio.  <\/p>\n\n<p>He sido Decana de Instrucci\u00f3n en una escuela concertada K-12 de alto rendimiento y he trabajado extensamente en el desarrollo del liderazgo, el coaching y la facilitaci\u00f3n. Soy Coach Profesional Certificada (PCC) por la Federaci\u00f3n Internacional de Coaching (ICF) y coach transformacional formada por el Programa de Coaching Transformacional Blue Mesa. Tambi\u00e9n tengo una licenciatura en Literatura por la Universidad de Harvard, un doctorado en Derecho y un m\u00e1ster en Literatura Comparada por la Universidad de Puerto Rico.  <\/p>\n\n<p>Me apasiona ayudar a las l\u00edderes a navegar por la transici\u00f3n, evitar el agotamiento y crear un impacto sostenible. Puedes obtener m\u00e1s informaci\u00f3n sobre mi experiencia a trav\u00e9s de <a href=\"https:\/\/www.linkedin.com\/in\/gloria-custodio-esq-pcc\/\" target=\"_blank\" rel=\"noopener\"><strong>mi perfil de LinkedIn<\/strong>.<\/a> <\/p>\n\n<h2 class=\"wp-block-heading\">Creencias<\/h2>\n\n<p>\u00c9stas son las creencias fundamentales que impulsan nuestro trabajo, nuestra vida y este sitio. Nos comprometemos a ayudar a quienes ayudan a los dem\u00e1s. Nos apasionan especialmente las causas relacionadas con los latin@s, las mujeres, la educaci\u00f3n y las oportunidades para los j\u00f3venes con pocos recursos.  <\/p>\n\n<p class=\"has-text-align-center\">El coaching es una herramienta poderosa para impulsar la pertenencia y el impacto social<\/p>\n\n<p class=\"has-text-align-center\">Los valores compartidos marcan la pauta de lo que hacemos y c\u00f3mo lo hacemos<\/p>\n\n<p class=\"has-text-align-center\">Los sue\u00f1os inspiran<\/p>\n\n<p class=\"has-text-align-center\">Fuera el juicio, dentro la felicidad<\/p>\n\n<p class=\"has-text-align-center\">Todas somos estudiantes Y maestras<\/p>\n\n<p class=\"has-text-align-center\">El amor, combinado con la intenci\u00f3n, hace posible lo imposible<\/p>\n\n<p class=\"has-text-align-center\">Todo el mundo tiene derecho a definir el \u00e9xito en sus propios t\u00e9rminos y a lograrlo a su propio estilo<\/p>\n\n<p class=\"has-text-align-center\">La curiosidad intelectual puede llevarnos lejos<\/p>\n\n<p class=\"has-text-align-center\">La integridad es nuestra mejor tarjeta de presentaci\u00f3n<\/p>\n\n<p class=\"has-text-align-center\">Intenta que sea sencillo y peque\u00f1o para que sea sostenible y reproducible<\/p>\n\n<p class=\"has-text-align-center\">Resolver los complejos problemas del mundo requiere colaboraci\u00f3n e inclusi\u00f3n<\/p>\n\n[\/vc_column_text][\/vc_column][\/vc_row][vc_row][vc_column][vc_raw_html]PGRpdiBkYXRhLWlmcmFtZS13aWR0aD0iMTUwIiBkYXRhLWlmcmFtZS1oZWlnaHQ9IjI3MCIgZGF0YS1zaGFyZS1iYWRnZS1pZD0iOWU2MjljN2UtZGJjMS00MGIwLWI1ZDktMjg2ZThiMDQxNmE5IiBkYXRhLXNoYXJlLWJhZGdlLWhvc3Q9Imh0dHBzOi8vd3d3LmNyZWRseS5jb20iPjwvZGl2PjxzY3JpcHQgdHlwZT0idGV4dC9qYXZhc2NyaXB0IiBhc3luYz0iIiBzcmM9Ii8vY2RuLmNyZWRseS5jb20vYXNzZXRzL3V0aWxpdGllcy9lbWJlZC5qcyI+PC9zY3JpcHQ+[\/vc_raw_html][\/vc_column][\/vc_row]\n\n<p><\/p>\n<\/div>","protected":false},"excerpt":{"rendered":"<p>[vc_row][vc_column][vc_column_text] Cristina Custodio, MBA ICF-MCC Ayudo a las l\u00edderes sociales a hacer realidad sus sue\u00f1os de un mundo m\u00e1s equitativo [&hellip;]<\/p>\n","protected":false},"author":1,"featured_media":0,"parent":0,"menu_order":0,"comment_status":"closed","ping_status":"closed","template":"","meta":{"nf_dc_page":"","_exactmetrics_skip_tracking":false,"_exactmetrics_sitenote_active":false,"_exactmetrics_sitenote_note":"","_exactmetrics_sitenote_category":0,"footnotes":""},"class_list":["post-354","page","type-page","status-publish","hentry"],"_links":{"self":[{"href":"https:\/\/tslc.ssquarestech.com\/es\/wp-json\/wp\/v2\/pages\/354","targetHints":{"allow":["GET"]}}],"collection":[{"href":"https:\/\/tslc.ssquarestech.com\/es\/wp-json\/wp\/v2\/pages"}],"about":[{"href":"https:\/\/tslc.ssquarestech.com\/es\/wp-json\/wp\/v2\/types\/page"}],"author":[{"embeddable":true,"href":"https:\/\/tslc.ssquarestech.com\/es\/wp-json\/wp\/v2\/users\/1"}],"replies":[{"embeddable":true,"href":"https:\/\/tslc.ssquarestech.com\/es\/wp-json\/wp\/v2\/comments?post=354"}],"version-history":[{"count":5,"href":"https:\/\/tslc.ssquarestech.com\/es\/wp-json\/wp\/v2\/pages\/354\/revisions"}],"predecessor-version":[{"id":4682,"href":"https:\/\/tslc.ssquarestech.com\/es\/wp-json\/wp\/v2\/pages\/354\/revisions\/4682"}],"wp:attachment":[{"href":"https:\/\/tslc.ssquarestech.com\/es\/wp-json\/wp\/v2\/media?parent=354"}],"curies":[{"name":"wp","href":"https:\/\/api.w.org\/{rel}","templated":true}]}}