{"id":351,"date":"2019-03-20T14:33:08","date_gmt":"2019-03-20T14:33:08","guid":{"rendered":"https:\/\/thesocialleadershipcoach.com\/inicio\/"},"modified":"2019-03-22T20:26:29","modified_gmt":"2019-03-22T20:26:29","slug":"inicio","status":"publish","type":"page","link":"https:\/\/tslc.ssquarestech.com\/es\/","title":{"rendered":"Inicio"},"content":{"rendered":"<div class=\"wpb-content-wrapper\">[vc_row fullwidth=&#8221;yes&#8221; top_margin=&#8221;0&#8243; bottom_margin=&#8221;0&#8243; background_color=&#8221;#272b2f&#8221; css=&#8221;.vc_custom_1467189617853{margin-top: -50px !important;margin-bottom: 0px !important;}&#8221;][vc_column width=&#8221;1\/3&#8243; animation=&#8221;fade-in&#8221; css=&#8221;.vc_custom_1467299325482{border-right-width: 1px !important;padding-top: 75px !important;padding-bottom: 50px !important;border-right-color: #353535 !important;border-right-style: solid !important;}&#8221;][vc_icon type=&#8221;linecons&#8221; icon_linecons=&#8221;vc_li vc_li-user&#8221; color=&#8221;custom&#8221; size=&#8221;xl&#8221; align=&#8221;center&#8221; custom_color=&#8221;#dce2c1&#8243; css=&#8221;.vc_custom_1550379638814{margin-top: 0px !important;margin-bottom: 20px !important;}&#8221;][vc_custom_heading text=&#8221;SER&#8221; font_container=&#8221;tag:p|font_size:22px|text_align:center|color:%23ffffff|line_height:32px&#8221; google_fonts=&#8221;font_family:Roboto%3A100%2C100italic%2C300%2C300italic%2Cregular%2Citalic%2C500%2C500italic%2C700%2C700italic%2C900%2C900italic|font_style:500%20bold%20regular%3A500%3Anormal&#8221;][vc_column_text el_class=&#8221;hb-max-80&#8243;]\n<p style=\"text-align: center;\"><span style=\"color: #ffffff;\">\u00bfQui\u00e9n necesita SER un l\u00edder social?<\/span><\/p>\n[\/vc_column_text][\/vc_column][vc_column width=&#8221;1\/3&#8243; animation=&#8221;fade-in&#8221; css=&#8221;.vc_custom_1467299333256{border-right-width: 1px !important;padding-top: 75px !important;padding-bottom: 50px !important;border-right-color: #353535 !important;border-right-style: solid !important;}&#8221; animation_delay=&#8221;150&#8243;][vc_icon type=&#8221;linecons&#8221; icon_linecons=&#8221;vc_li vc_li-study&#8221; color=&#8221;custom&#8221; size=&#8221;xl&#8221; align=&#8221;center&#8221; custom_color=&#8221;#dce2c1&#8243; css=&#8221;.vc_custom_1550379705969{margin-top: 0px !important;margin-bottom: 20px !important;}&#8221;][vc_custom_heading text=&#8221;SABER&#8221; font_container=&#8221;tag:p|font_size:22px|text_align:center|color:%23ffffff|line_height:32px&#8221; google_fonts=&#8221;font_family:Roboto%3A100%2C100italic%2C300%2C300italic%2Cregular%2Citalic%2C500%2C500italic%2C700%2C700italic%2C900%2C900italic|font_style:500%20bold%20regular%3A500%3Anormal&#8221;][vc_column_text el_class=&#8221;hb-max-80&#8243;]\n<p style=\"text-align: center;\"><span style=\"color: #ffffff;\">\u00bfQu\u00e9 necesita SABER un l\u00edder social?<\/span><\/p>\n[\/vc_column_text][\/vc_column][vc_column width=&#8221;1\/3&#8243; animation=&#8221;fade-in&#8221; css=&#8221;.vc_custom_1467299342999{border-right-width: 0px !important;padding-top: 75px !important;padding-bottom: 50px !important;border-right-color: #f7f7f7 !important;border-right-style: solid !important;}&#8221; animation_delay=&#8221;300&#8243;][vc_icon type=&#8221;linecons&#8221; icon_linecons=&#8221;vc_li vc_li-calendar&#8221; color=&#8221;custom&#8221; size=&#8221;xl&#8221; align=&#8221;center&#8221; custom_color=&#8221;#dce2c1&#8243; css=&#8221;.vc_custom_1467190460173{margin-top: 0px !important;margin-bottom: 20px !important;}&#8221;][vc_custom_heading text=&#8221;HACER&#8221; font_container=&#8221;tag:p|font_size:22px|text_align:center|color:%23ffffff|line_height:32px&#8221; google_fonts=&#8221;font_family:Roboto%3A100%2C100italic%2C300%2C300italic%2Cregular%2Citalic%2C500%2C500italic%2C700%2C700italic%2C900%2C900italic|font_style:500%20bold%20regular%3A500%3Anormal&#8221;][vc_column_text el_class=&#8221;hb-max-80&#8243;]\n<p style=\"text-align: center;\"><span style=\"color: #ffffff;\">\u00bfQu\u00e9 necesita HACER un l\u00edder social?<\/span><\/p>\n[\/vc_column_text][\/vc_column][\/vc_row][vc_row top_margin=&#8221;0&#8243; bottom_margin=&#8221;-1&#8243; css=&#8221;.vc_custom_1467222995228{margin-top: 0px !important;margin-bottom: -1px !important;padding-top: 60px !important;}&#8221;][vc_column animation=&#8221;fade-in&#8221; css=&#8221;.vc_custom_1467299353575{margin-bottom: 0px !important;}&#8221;][vc_custom_heading text=&#8221;Haz el bien. S\u00e9 un l\u00edder social.&#8221; font_container=&#8221;tag:h3|font_size:48px|text_align:center|color:%23222222|line_height:56px&#8221; google_fonts=&#8221;font_family:Playfair%20Display%3Aregular%2Citalic%2C700%2C700italic%2C900%2C900italic|font_style:400%20regular%3A400%3Anormal&#8221; css=&#8221;.vc_custom_1550377804399{margin-bottom: 10px !important;}&#8221;][vc_custom_heading text=&#8221;Aqu\u00ed te indicar\u00e9 c\u00f3mo lograrlo y muchos detalles m\u00e1s.&#8221; font_container=&#8221;tag:p|font_size:22px|text_align:center|color:%23777777|line_height:32px&#8221; google_fonts=&#8221;font_family:Roboto%3A100%2C100italic%2C300%2C300italic%2Cregular%2Citalic%2C500%2C500italic%2C700%2C700italic%2C900%2C900italic|font_style:300%20light%20regular%3A300%3Anormal&#8221;][vc_btn title=&#8221;SUSCRIBETE&#8221; style=&#8221;classic&#8221; shape=&#8221;round&#8221; color=&#8221;juicy-pink&#8221; size=&#8221;lg&#8221; align=&#8221;center&#8221; link=&#8221;url:https%3A%2F%2Fmailchi.mp%2F749204f6b18b%2Fliderazgo||target:%20_blank|rel:nofollow&#8221;]<div class=\"shortcode-wrapper shortcode-separator clearfix\" ><div class=\"hb-separator extra-space\"><div class=\"hb-fw-separator\"><\/div><\/div><\/div>[vc_row_inner][vc_column_inner width=&#8221;1\/2&#8243; css=&#8221;.vc_custom_1549814439852{padding-top: 5% !important;}&#8221;][vc_custom_heading text=&#8221;\u00bfQui\u00e9nes son los l\u00edderes sociales?&#8221; font_container=&#8221;tag:p|font_size:22px|text_align:left|color:%23ff5c5c|line_height:32px&#8221; google_fonts=&#8221;font_family:Roboto%3A100%2C100italic%2C300%2C300italic%2Cregular%2Citalic%2C500%2C500italic%2C700%2C700italic%2C900%2C900italic|font_style:500%20bold%20regular%3A500%3Anormal&#8221;][vc_column_text css=&#8221;.vc_custom_1551056053037{padding-bottom: 5% !important;}&#8221;]Los l\u00edderes sociales son personas que dedican sus vidas a mejorar las vidas de otros, ya sea como profesionales o como voluntarios. \u00a1Son gente como t\u00fa y yo![\/vc_column_text][\/vc_column_inner][vc_column_inner width=&#8221;1\/2&#8243; css=&#8221;.vc_custom_1549814605055{padding-top: 5% !important;padding-bottom: 1px !important;}&#8221;]<div class=\"hb-no-frame  hb-max-80 \"><span><a><img loading=\"lazy\" decoding=\"async\" src=\"https:\/\/tslc.ssquarestech.com\/wp-content\/uploads\/2019\/02\/48379063_477936462613596_8485476748228558848_n.jpg\" width=\"960\" height=\"640\" alt=\"Image\" title=\"\"><\/a><\/span><\/div>[\/vc_column_inner][\/vc_row_inner][\/vc_column][\/vc_row][vc_row fullwidth=&#8221;yes&#8221; top_margin=&#8221;0&#8243; bottom_margin=&#8221;0&#8243; css=&#8221;.vc_custom_1467211743313{margin-top: 0px !important;margin-bottom: 0px !important;padding-top: 60px !important;padding-bottom: 60px !important;}&#8221; background_color=&#8221;#ffffff&#8221;][vc_column animation=&#8221;fade-in&#8221; css=&#8221;.vc_custom_1467299366330{margin-bottom: 0px !important;}&#8221;][vc_custom_heading text=&#8221;\u00bfPara qui\u00e9n puede ser \u00fatil este sitio?&#8221; font_container=&#8221;tag:h3|font_size:48px|text_align:center|color:%23222222|line_height:56px&#8221; google_fonts=&#8221;font_family:Playfair%20Display%3Aregular%2Citalic%2C700%2C700italic%2C900%2C900italic|font_style:400%20regular%3A400%3Anormal&#8221; css=&#8221;.vc_custom_1551662667378{margin-bottom: 10px !important;}&#8221;][vc_custom_heading text=&#8221;\u00a1Hay muchos tipos de l\u00edderes sociales y les he impartido coaching a todos!&#8221; font_container=&#8221;tag:p|font_size:22px|text_align:center|color:%23777777|line_height:32px&#8221; google_fonts=&#8221;font_family:Roboto%3A100%2C100italic%2C300%2C300italic%2Cregular%2Citalic%2C500%2C500italic%2C700%2C700italic%2C900%2C900italic|font_style:300%20light%20regular%3A300%3Anormal&#8221;][vc_raw_html]PGRpdiBjbGFzcz0iaGItemlnLXphZy1zZXBhcmF0b3ItaG9sZGVyIGNsZWFyZml4IiBzdHlsZT0ibWFyZ2luLXRvcDogMjlweDttYXJnaW4tYm90dG9tOiAyMHB4O3RleHQtYWxpZ246Y2VudGVyOyI+DQoJPHN2ZyB2ZXJzaW9uPSIxLjEiIHhtbG5zPSJodHRwOi8vd3d3LnczLm9yZy8yMDAwL3N2ZyIgeG1sbnM6eGxpbms9Imh0dHA6Ly93d3cudzMub3JnLzE5OTkveGxpbmsiIHg9IjBweCIgeT0iMHB4IiBoZWlnaHQ9IjE0IiB3aWR0aD0iNjgiIHZpZXdCb3g9IjAgMCA2OS4xNzIgMTQuOTc1IiB4bWw6c3BhY2U9InByZXNlcnZlIj4NCgk8cGF0aCBjbGFzcz0iaGItemlnLXphZy1zZXBhcmF0b3IiICBkPSJNMS4zNTcsMTIuMjYgMTAuODA3LDIuODEgMjAuMzI4LDEyLjMzMg0KCQkyOS43ODEsMi44NzkgMzkuMjIzLDEyLjMyMSA0OC43NTQsMi43OSA1OC4yODYsMTIuMzIxIDY3LjgxNSwyLjc5MyAiLz4NCgk8L3N2Zz4NCjwvZGl2Pg0KDQo8c3R5bGUgdHlwZT0idGV4dC9jc3MiPg0KLmhiLXppZy16YWctc2VwYXJhdG9yLWhvbGRlciAuaGItemlnLXphZy1zZXBhcmF0b3Igew0KICAgIGZpbGw6IG5vbmU7DQogICAgc3Ryb2tlOiAjZGRkOw0KICAgIHN0cm9rZS13aWR0aDogMy43Ow0KICAgIHN0cm9rZS1taXRlcmxpbWl0OiAxMDsNCn0NCjwvc3R5bGU+[\/vc_raw_html]<div class=\"shortcode-wrapper shortcode-spacer clearfix\"><div class=\"spacer\" style=\"height:40px;\"><\/div><\/div>[vc_row_inner][vc_column_inner width=&#8221;1\/3&#8243;]<div class=\"hb-no-frame  hb-aligncenter \"><span><a><img loading=\"lazy\" decoding=\"async\" src=\"https:\/\/tslc.ssquarestech.com\/wp-content\/uploads\/2019\/02\/Philanthropist.jpg\" width=\"2500\" height=\"1667\" alt=\"Image\" title=\"\"><\/a><\/span><\/div>[vc_custom_heading text=&#8221;L\u00edderes de ONGs\/Entidades sin Fines de Lucro y Fil\u00e1ntropos&#8221; font_container=&#8221;tag:p|font_size:22px|text_align:center|color:%23ff5c5c|line_height:32px&#8221; google_fonts=&#8221;font_family:Roboto%3A100%2C100italic%2C300%2C300italic%2Cregular%2Citalic%2C500%2C500italic%2C700%2C700italic%2C900%2C900italic|font_style:500%20bold%20regular%3A500%3Anormal&#8221; css=&#8221;.vc_custom_1551662798223{margin-top: 25px !important;}&#8221;]<div class=\"hb-no-frame  \"><span><a><img loading=\"lazy\" decoding=\"async\" src=\"https:\/\/tslc.ssquarestech.com\/wp-content\/uploads\/2019\/03\/Community.png\" width=\"1080\" height=\"1080\" alt=\"Image\" title=\"\"><\/a><\/span><\/div>[vc_custom_heading text=&#8221;L\u00edderes C\u00edvicos y Comunitarios&#8221; font_container=&#8221;tag:p|font_size:22px|text_align:center|color:%23ff5c5c|line_height:32px&#8221; google_fonts=&#8221;font_family:Roboto%3A100%2C100italic%2C300%2C300italic%2Cregular%2Citalic%2C500%2C500italic%2C700%2C700italic%2C900%2C900italic|font_style:500%20bold%20regular%3A500%3Anormal&#8221; css=&#8221;.vc_custom_1551056409775{margin-top: 25px !important;}&#8221;]<div class=\"hb-no-frame  \"><span><a><img loading=\"lazy\" decoding=\"async\" src=\"https:\/\/tslc.ssquarestech.com\/wp-content\/uploads\/2019\/03\/Teacher.png\" width=\"1080\" height=\"1080\" alt=\"Image\" title=\"\"><\/a><\/span><\/div>[vc_custom_heading text=&#8221;Maestras y Educadoras&#8221; font_container=&#8221;tag:p|font_size:22px|text_align:center|color:%23ff5c5c|line_height:32px&#8221; google_fonts=&#8221;font_family:Roboto%3A100%2C100italic%2C300%2C300italic%2Cregular%2Citalic%2C500%2C500italic%2C700%2C700italic%2C900%2C900italic|font_style:500%20bold%20regular%3A500%3Anormal&#8221; css=&#8221;.vc_custom_1551056727234{margin-top: 25px !important;}&#8221;][\/vc_column_inner][vc_column_inner width=&#8221;1\/3&#8243;]<div class=\"hb-no-frame  hb-aligncenter \"><span><a><img loading=\"lazy\" decoding=\"async\" src=\"https:\/\/tslc.ssquarestech.com\/wp-content\/uploads\/2019\/02\/48413197_545918435875897_8589112599684055040_n.jpg\" width=\"960\" height=\"640\" alt=\"Image\" title=\"\"><\/a><\/span><\/div>[vc_custom_heading text=&#8221;Emprendedores Sociales, Innovadores y Creadores de Cambio&#8221; font_container=&#8221;tag:p|font_size:22px|text_align:center|color:%23ff5c5c|line_height:32px&#8221; google_fonts=&#8221;font_family:Roboto%3A100%2C100italic%2C300%2C300italic%2Cregular%2Citalic%2C500%2C500italic%2C700%2C700italic%2C900%2C900italic|font_style:500%20bold%20regular%3A500%3Anormal&#8221; css=&#8221;.vc_custom_1550585946731{margin-top: 25px !important;}&#8221;]<div class=\"hb-no-frame  \"><span><a><img loading=\"lazy\" decoding=\"async\" src=\"https:\/\/tslc.ssquarestech.com\/wp-content\/uploads\/2019\/03\/health.jpg\" width=\"6000\" height=\"4000\" alt=\"Image\" title=\"\"><\/a><\/span><\/div>[vc_custom_heading text=&#8221;Profesionales de la Salud y el Bienestar&#8221; font_container=&#8221;tag:p|font_size:22px|text_align:center|color:%23ff5c5c|line_height:32px&#8221; google_fonts=&#8221;font_family:Roboto%3A100%2C100italic%2C300%2C300italic%2Cregular%2Citalic%2C500%2C500italic%2C700%2C700italic%2C900%2C900italic|font_style:500%20bold%20regular%3A500%3Anormal&#8221; css=&#8221;.vc_custom_1551056505070{margin-top: 25px !important;}&#8221;]<div class=\"hb-no-frame  \"><span><a><img loading=\"lazy\" decoding=\"async\" src=\"https:\/\/tslc.ssquarestech.com\/wp-content\/uploads\/2019\/03\/Activist.jpg\" width=\"5000\" height=\"3333\" alt=\"Image\" title=\"\"><\/a><\/span><\/div>[vc_custom_heading text=&#8221;Activistas y Voluntarias&#8221; font_container=&#8221;tag:p|font_size:22px|text_align:center|color:%23ff5c5c|line_height:32px&#8221; google_fonts=&#8221;font_family:Roboto%3A100%2C100italic%2C300%2C300italic%2Cregular%2Citalic%2C500%2C500italic%2C700%2C700italic%2C900%2C900italic|font_style:500%20bold%20regular%3A500%3Anormal&#8221; css=&#8221;.vc_custom_1551056605210{margin-top: 25px !important;}&#8221;][\/vc_column_inner][vc_column_inner width=&#8221;1\/3&#8243;]<div class=\"hb-no-frame  hb-aligncenter \"><span><a><img loading=\"lazy\" decoding=\"async\" src=\"https:\/\/tslc.ssquarestech.com\/wp-content\/uploads\/2019\/02\/corporate-resp.jpg\" width=\"4000\" height=\"2666\" alt=\"Image\" title=\"\"><\/a><\/span><\/div>[vc_custom_heading text=&#8221;Ejecutivos de Responsabilidad Ejecutiva&#8221; font_container=&#8221;tag:p|font_size:22px|text_align:center|color:%23ff5c5c|line_height:32px&#8221; google_fonts=&#8221;font_family:Roboto%3A100%2C100italic%2C300%2C300italic%2Cregular%2Citalic%2C500%2C500italic%2C700%2C700italic%2C900%2C900italic|font_style:500%20bold%20regular%3A500%3Anormal&#8221; css=&#8221;.vc_custom_1551056674053{margin-top: 25px !important;}&#8221;]<div class=\"hb-no-frame  \"><span><a><img loading=\"lazy\" decoding=\"async\" src=\"https:\/\/tslc.ssquarestech.com\/wp-content\/uploads\/2019\/03\/Human-Service.png\" width=\"1080\" height=\"1080\" alt=\"Image\" title=\"\"><\/a><\/span><\/div>[vc_custom_heading text=&#8221;Proveedores de Servicios Humanos&#8221; font_container=&#8221;tag:p|font_size:22px|text_align:center|color:%23ff5c5c|line_height:32px&#8221; google_fonts=&#8221;font_family:Roboto%3A100%2C100italic%2C300%2C300italic%2Cregular%2Citalic%2C500%2C500italic%2C700%2C700italic%2C900%2C900italic|font_style:500%20bold%20regular%3A500%3Anormal&#8221; css=&#8221;.vc_custom_1551056706976{margin-top: 25px !important;}&#8221;]<div class=\"hb-no-frame  \"><span><a><img loading=\"lazy\" decoding=\"async\" src=\"https:\/\/tslc.ssquarestech.com\/wp-content\/uploads\/2019\/03\/Mentor.png\" width=\"1080\" height=\"1080\" alt=\"Image\" title=\"\"><\/a><\/span><\/div>[vc_custom_heading text=&#8221;Coaches y Mentores&#8221; font_container=&#8221;tag:p|font_size:22px|text_align:center|color:%23ff5c5c|line_height:32px&#8221; google_fonts=&#8221;font_family:Roboto%3A100%2C100italic%2C300%2C300italic%2Cregular%2Citalic%2C500%2C500italic%2C700%2C700italic%2C900%2C900italic|font_style:500%20bold%20regular%3A500%3Anormal&#8221; css=&#8221;.vc_custom_1551056746440{margin-top: 25px !important;}&#8221;][\/vc_column_inner][\/vc_row_inner][\/vc_column][\/vc_row][vc_row][vc_column animation=&#8221;fade-in&#8221; css=&#8221;.vc_custom_1467299388281{padding-top: 60px !important;padding-bottom: 40px !important;}&#8221;][vc_custom_heading text=&#8221;Lo \u00daltimo de mi Blog&#8221; font_container=&#8221;tag:h3|font_size:48px|text_align:center|color:%23222222|line_height:56px&#8221; google_fonts=&#8221;font_family:Playfair%20Display%3Aregular%2Citalic%2C700%2C700italic%2C900%2C900italic|font_style:400%20regular%3A400%3Anormal&#8221; css=&#8221;.vc_custom_1550101479079{margin-bottom: 10px !important;}&#8221;][vc_custom_heading text=&#8221;Mantente actualizada con mis \u00faltimos art\u00edculos&#8221; font_container=&#8221;tag:p|font_size:22px|text_align:center|color:%23777777|line_height:32px&#8221; google_fonts=&#8221;font_family:Roboto%3A100%2C100italic%2C300%2C300italic%2Cregular%2Citalic%2C500%2C500italic%2C700%2C700italic%2C900%2C900italic|font_style:300%20light%20regular%3A300%3Anormal&#8221;][vc_raw_html]PGRpdiBjbGFzcz0iaGItemlnLXphZy1zZXBhcmF0b3ItaG9sZGVyIGNsZWFyZml4IiBzdHlsZT0ibWFyZ2luLXRvcDogMjlweDttYXJnaW4tYm90dG9tOiAyMHB4O3RleHQtYWxpZ246Y2VudGVyOyI+DQoJPHN2ZyB2ZXJzaW9uPSIxLjEiIHhtbG5zPSJodHRwOi8vd3d3LnczLm9yZy8yMDAwL3N2ZyIgeG1sbnM6eGxpbms9Imh0dHA6Ly93d3cudzMub3JnLzE5OTkveGxpbmsiIHg9IjBweCIgeT0iMHB4IiBoZWlnaHQ9IjE0IiB3aWR0aD0iNjgiIHZpZXdCb3g9IjAgMCA2OS4xNzIgMTQuOTc1IiB4bWw6c3BhY2U9InByZXNlcnZlIj4NCgk8cGF0aCBjbGFzcz0iaGItemlnLXphZy1zZXBhcmF0b3IiICBkPSJNMS4zNTcsMTIuMjYgMTAuODA3LDIuODEgMjAuMzI4LDEyLjMzMg0KCQkyOS43ODEsMi44NzkgMzkuMjIzLDEyLjMyMSA0OC43NTQsMi43OSA1OC4yODYsMTIuMzIxIDY3LjgxNSwyLjc5MyAiLz4NCgk8L3N2Zz4NCjwvZGl2Pg0KDQo8c3R5bGUgdHlwZT0idGV4dC9jc3MiPg0KLmhiLXppZy16YWctc2VwYXJhdG9yLWhvbGRlciAuaGItemlnLXphZy1zZXBhcmF0b3Igew0KICAgIGZpbGw6IG5vbmU7DQogICAgc3Ryb2tlOiAjZGRkOw0KICAgIHN0cm9rZS13aWR0aDogMy43Ow0KICAgIHN0cm9rZS1taXRlcmxpbWl0OiAxMDsNCn0NCjwvc3R5bGU+[\/vc_raw_html]<div class=\"shortcode-wrapper shortcode-spacer clearfix\"><div class=\"spacer\" style=\"height:40px;\"><\/div><\/div><div class=\"shortcode-wrapper shortcode-blog-boxes\"><div class=\"row\"><div class=\"col-4\"><div class=\"hb-blog-box\"><div class=\"hb-blog-box-header\"><a href=\"https:\/\/tslc.ssquarestech.com\/es\/necesito-un-coach-empresarial\/\"><img loading=\"lazy\" decoding=\"async\" width=\"600\" height=\"400\" src=\"https:\/\/tslc.ssquarestech.com\/wp-content\/uploads\/2024\/08\/need-a-business-coach-600x400.webp\" alt=\"business coach\" title=\"\"><\/a><\/div><div class=\"hb-blog-box-content\"><div class=\"hb-blog-box-categories\"><a href=\"https:\/\/tslc.ssquarestech.com\/es\/categoria\/coaching-es\/\">Coaching<\/a>, <a href=\"https:\/\/tslc.ssquarestech.com\/es\/categoria\/liderazgo\/\">Liderazgo<\/a><\/div><div class=\"hb-blog-box-title\"><h3><a href=\"https:\/\/tslc.ssquarestech.com\/es\/necesito-un-coach-empresarial\/\">\u00bfNecesito un coach empresarial?<\/a><\/h3><\/div><div class=\"hb-blog-box-excerpt\"><p>Saber cu\u00e1ndo necesitas un coach empresarial puede ser fundamental para tu crecimiento como empresario. Un coach adecuado te ayuda a identificar las estrategias que pueden impulsar tu negocio. Este art\u00edculo expone las razones para contratar a un coach y ofrece consejos pr\u00e1cticos sobre c\u00f3mo encontrar al adecuado de forma eficaz.  <\/p><\/div><\/div><div class=\"hb-blog-box-footer clearfix\"><span class=\"hb-blog-box-date\">12 de agosto de 2024<\/span><span class=\"hb-blog-box-read-more\"><a href=\"https:\/\/tslc.ssquarestech.com\/es\/necesito-un-coach-empresarial\/\" class=\"hb-special-read-more\">Read More<span><i class=\"hb-moon-arrow-right-5\"><\/i><\/span><\/a><\/span><\/div><\/div><\/div><div class=\"col-4\"><div class=\"hb-blog-box\"><div class=\"hb-blog-box-header\"><a href=\"https:\/\/tslc.ssquarestech.com\/es\/8-maneras-de-utilizar-el-coaching-para-el-cambio-social\/\"><img loading=\"lazy\" decoding=\"async\" width=\"600\" height=\"400\" src=\"https:\/\/tslc.ssquarestech.com\/wp-content\/uploads\/2023\/05\/coaching-for-social-change-framework-600x400.png\" alt=\"8 maneras de utilizar el coaching para el cambio social\" title=\"\"><\/a><\/div><div class=\"hb-blog-box-content\"><div class=\"hb-blog-box-categories\"><a href=\"https:\/\/tslc.ssquarestech.com\/es\/categoria\/coaching-es\/\">Coaching<\/a>, <a href=\"https:\/\/tslc.ssquarestech.com\/es\/categoria\/lider-social\/\">Lider Social<\/a>, <a href=\"https:\/\/tslc.ssquarestech.com\/es\/categoria\/liderazgo\/\">Liderazgo<\/a><\/div><div class=\"hb-blog-box-title\"><h3><a href=\"https:\/\/tslc.ssquarestech.com\/es\/8-maneras-de-utilizar-el-coaching-para-el-cambio-social\/\">8 maneras de utilizar el coaching para el cambio social<\/a><\/h3><\/div><div class=\"hb-blog-box-excerpt\"><p>El coaching puede ser una poderosa herramienta para crear impacto social. He aqu\u00ed 8 maneras de utilizar el coaching para el cambio social.<\/p><\/div><\/div><div class=\"hb-blog-box-footer clearfix\"><span class=\"hb-blog-box-date\">6 de junio de 2023<\/span><span class=\"hb-blog-box-read-more\"><a href=\"https:\/\/tslc.ssquarestech.com\/es\/8-maneras-de-utilizar-el-coaching-para-el-cambio-social\/\" class=\"hb-special-read-more\">Read More<span><i class=\"hb-moon-arrow-right-5\"><\/i><\/span><\/a><\/span><\/div><\/div><\/div><div class=\"col-4\"><div class=\"hb-blog-box\"><div class=\"hb-blog-box-header\"><a href=\"https:\/\/tslc.ssquarestech.com\/es\/retos-comunes-del-coaching-para-los-agentes-de-cambio\/\"><img loading=\"lazy\" decoding=\"async\" width=\"600\" height=\"400\" src=\"https:\/\/tslc.ssquarestech.com\/wp-content\/uploads\/2023\/05\/Coaching-Challenges-for-Changemakers-600x400.png\" alt=\"Retos comunes del coaching para los agentes de cambio\" title=\"\"><\/a><\/div><div class=\"hb-blog-box-content\"><div class=\"hb-blog-box-categories\"><a href=\"https:\/\/tslc.ssquarestech.com\/es\/categoria\/coaching-es\/\">Coaching<\/a>, <a href=\"https:\/\/tslc.ssquarestech.com\/es\/categoria\/lider-social\/\">Lider Social<\/a>, <a href=\"https:\/\/tslc.ssquarestech.com\/es\/categoria\/liderazgo\/\">Liderazgo<\/a><\/div><div class=\"hb-blog-box-title\"><h3><a href=\"https:\/\/tslc.ssquarestech.com\/es\/retos-comunes-del-coaching-para-los-agentes-de-cambio\/\">Retos comunes del coaching para los agentes de cambio<\/a><\/h3><\/div><div class=\"hb-blog-box-excerpt\"><p>\u00bfCu\u00e1les son los retos de coaching m\u00e1s comunes a los que se enfrentan los agentes de cambio? \u00bfCu\u00e1les podr\u00edan ser las estrategias para apoyarles?  <\/p><\/div><\/div><div class=\"hb-blog-box-footer clearfix\"><span class=\"hb-blog-box-date\">6 de junio de 2023<\/span><span class=\"hb-blog-box-read-more\"><a href=\"https:\/\/tslc.ssquarestech.com\/es\/retos-comunes-del-coaching-para-los-agentes-de-cambio\/\" class=\"hb-special-read-more\">Read More<span><i class=\"hb-moon-arrow-right-5\"><\/i><\/span><\/a><\/span><\/div><\/div><\/div><\/div><\/div>[\/vc_column][\/vc_row]\n<\/div>","protected":false},"excerpt":{"rendered":"<p>[vc_row fullwidth=&#8221;yes&#8221; top_margin=&#8221;0&#8243; bottom_margin=&#8221;0&#8243; background_color=&#8221;#272b2f&#8221; css=&#8221;.vc_custom_1467189617853{margin-top: -50px !important;margin-bottom: 0px !important;}&#8221;][vc_column width=&#8221;1\/3&#8243; animation=&#8221;fade-in&#8221; css=&#8221;.vc_custom_1467299325482{border-right-width: 1px !important;padding-top: 75px !important;padding-bottom: 50px !important;border-right-color: #353535 [&hellip;]<\/p>\n","protected":false},"author":1,"featured_media":0,"parent":0,"menu_order":0,"comment_status":"closed","ping_status":"closed","template":"","meta":{"nf_dc_page":"","_exactmetrics_skip_tracking":false,"_exactmetrics_sitenote_active":false,"_exactmetrics_sitenote_note":"","_exactmetrics_sitenote_category":0,"footnotes":""},"class_list":["post-351","page","type-page","status-publish","hentry"],"_links":{"self":[{"href":"https:\/\/tslc.ssquarestech.com\/es\/wp-json\/wp\/v2\/pages\/351","targetHints":{"allow":["GET"]}}],"collection":[{"href":"https:\/\/tslc.ssquarestech.com\/es\/wp-json\/wp\/v2\/pages"}],"about":[{"href":"https:\/\/tslc.ssquarestech.com\/es\/wp-json\/wp\/v2\/types\/page"}],"author":[{"embeddable":true,"href":"https:\/\/tslc.ssquarestech.com\/es\/wp-json\/wp\/v2\/users\/1"}],"replies":[{"embeddable":true,"href":"https:\/\/tslc.ssquarestech.com\/es\/wp-json\/wp\/v2\/comments?post=351"}],"version-history":[{"count":5,"href":"https:\/\/tslc.ssquarestech.com\/es\/wp-json\/wp\/v2\/pages\/351\/revisions"}],"predecessor-version":[{"id":404,"href":"https:\/\/tslc.ssquarestech.com\/es\/wp-json\/wp\/v2\/pages\/351\/revisions\/404"}],"wp:attachment":[{"href":"https:\/\/tslc.ssquarestech.com\/es\/wp-json\/wp\/v2\/media?parent=351"}],"curies":[{"name":"wp","href":"https:\/\/api.w.org\/{rel}","templated":true}]}}