{"id":340,"date":"2019-03-20T13:34:23","date_gmt":"2019-03-20T13:34:23","guid":{"rendered":"https:\/\/thesocialleadershipcoach.com\/servicios\/"},"modified":"2019-03-25T21:52:41","modified_gmt":"2019-03-25T21:52:41","slug":"servicios","status":"publish","type":"page","link":"https:\/\/tslc.ssquarestech.com\/es\/servicios\/","title":{"rendered":"Servicios"},"content":{"rendered":"<div class=\"wpb-content-wrapper\">[vc_row animation=&#8221;fade-in&#8221; fullwidth=&#8221;yes&#8221; top_margin=&#8221;0&#8243; bottom_margin=&#8221;0&#8243; background_color=&#8221;#272b2f&#8221; css=&#8221;.vc_custom_1467299776807{margin-top: -50px !important;margin-bottom: 0px !important;}&#8221;][vc_column width=&#8221;1\/3&#8243; css=&#8221;.vc_custom_1467290007001{border-right-width: 1px !important;padding-top: 75px !important;padding-bottom: 20px !important;border-right-color: #353535 !important;border-right-style: solid !important;}&#8221;][vc_icon type=&#8221;linecons&#8221; icon_linecons=&#8221;vc_li vc_li-user&#8221; color=&#8221;custom&#8221; size=&#8221;xl&#8221; align=&#8221;center&#8221; custom_color=&#8221;#dce2c1&#8243; css=&#8221;.vc_custom_1550588248615{margin-top: 0px !important;margin-bottom: 20px !important;}&#8221;][vc_custom_heading text=&#8221;Coaching Individual&#8221; font_container=&#8221;tag:p|font_size:22px|text_align:center|color:%23ffffff|line_height:32px&#8221; google_fonts=&#8221;font_family:Roboto%3A100%2C100italic%2C300%2C300italic%2Cregular%2Citalic%2C500%2C500italic%2C700%2C700italic%2C900%2C900italic|font_style:500%20bold%20regular%3A500%3Anormal&#8221;][vc_column_text el_class=&#8221;hb-max-80&#8243;]<span style=\"color: #ffffff;\">Como Coach de Liderazgo Social, te ofrezco sesiones personalizadas de coaching para l\u00edderes sociales, por v\u00eda telef\u00f3nica\/videoconferencia. Te ayudar\u00e9 a definir tu sue\u00f1o (personal o profesional), a determinar qui\u00e9n necesitas ser, qu\u00e9 necesitas saber y qu\u00e9 debes hacer para lograrlo. Luego te entreno y te apoyo en el proceso de perseguir ese sue\u00f1o.<\/span><\/p>\n<p><span style=\"color: #ffffff;\">Para m\u00e1s informaci\u00f3n, incluyendo disponibilidad y precios, haz <a style=\"color: #ffffff;\" href=\"https:\/\/tslc.ssquarestech.com\/es\/solicitar-informacion\/\"><u>clic aqu\u00ed<\/u><\/a>.<\/span><\/p>\n<p><span style=\"color: #ffffff;\">Hay algunas becas de coaching con descuento o pro-bono que est\u00e1n disponibles durante todo el a\u00f1o, que se anuncian a trav\u00e9s de mi lista de suscripci\u00f3n. Para suscribirte, por favor <a style=\"color: #ffffff;\" href=\"https:\/\/mailchi.mp\/749204f6b18b\/liderazgo\" target=\"_blank\" rel=\"noopener\">haz <u>clic aqu\u00ed<\/u><\/a>.<\/span>[\/vc_column_text][\/vc_column][vc_column width=&#8221;1\/3&#8243; css=&#8221;.vc_custom_1467290014220{border-right-width: 1px !important;padding-top: 75px !important;padding-bottom: 20px !important;border-right-color: #353535 !important;border-right-style: solid !important;}&#8221;][vc_icon type=&#8221;linecons&#8221; icon_linecons=&#8221;vc_li vc_li-world&#8221; color=&#8221;custom&#8221; size=&#8221;xl&#8221; align=&#8221;center&#8221; custom_color=&#8221;#dce2c1&#8243; css=&#8221;.vc_custom_1550588292812{margin-top: 0px !important;margin-bottom: 20px !important;}&#8221;][vc_custom_heading text=&#8221;Coaching Grupal&#8221; font_container=&#8221;tag:p|font_size:22px|text_align:center|color:%23ffffff|line_height:32px&#8221; google_fonts=&#8221;font_family:Roboto%3A100%2C100italic%2C300%2C300italic%2Cregular%2Citalic%2C500%2C500italic%2C700%2C700italic%2C900%2C900italic|font_style:500%20bold%20regular%3A500%3Anormal&#8221;][vc_column_text el_class=&#8221;hb-max-80&#8243;]<span style=\"color: #ffffff;\">Como Coach de Liderazgo Social, ofrezco sesiones de coaching en grupo para equipos existentes de l\u00edderes sociales. Estos equipos suelen estar compuestos por l\u00edderes de la misma organizaci\u00f3n. Este servicio sigue la misma l\u00f3gica que el coaching individual descrito anteriormente. Para m\u00e1s informaci\u00f3n, incluyendo disponibilidad y precios, <u>haz <a style=\"color: #ffffff;\" href=\"https:\/\/tslc.ssquarestech.com\/es\/solicitar-informacion\/\">clic aqu\u00ed<\/a><\/u>.<\/span><\/p>\n<p><span style=\"color: #ffffff;\">Tambi\u00e9n ofrezco sesiones piloto de coaching grupal para l\u00edderes sociales individuales que no se conocen y no pueden invertir en coaching individual en este momento. Anuncio estas oportunidades a trav\u00e9s de mi lista de suscripci\u00f3n. Para suscribirte, por favor <a style=\"color: #ffffff;\" href=\"https:\/\/mailchi.mp\/749204f6b18b\/liderazgo\" target=\"_blank\" rel=\"noopener\"><u>haz clic aqu\u00ed<\/u>.<\/a><\/span>[\/vc_column_text][\/vc_column][vc_column width=&#8221;1\/3&#8243; css=&#8221;.vc_custom_1467290022299{border-right-width: 0px !important;padding-top: 75px !important;padding-bottom: 20px !important;border-right-color: #f7f7f7 !important;border-right-style: solid !important;}&#8221;][vc_icon type=&#8221;linecons&#8221; icon_linecons=&#8221;vc_li vc_li-calendar&#8221; color=&#8221;custom&#8221; size=&#8221;xl&#8221; align=&#8221;center&#8221; custom_color=&#8221;#dce2c1&#8243; css=&#8221;.vc_custom_1467190460173{margin-top: 0px !important;margin-bottom: 20px !important;}&#8221;][vc_custom_heading text=&#8221;Facilitaci\u00f3n de Reuniones&#8221; font_container=&#8221;tag:p|font_size:22px|text_align:center|color:%23ffffff|line_height:32px&#8221; google_fonts=&#8221;font_family:Roboto%3A100%2C100italic%2C300%2C300italic%2Cregular%2Citalic%2C500%2C500italic%2C700%2C700italic%2C900%2C900italic|font_style:500%20bold%20regular%3A500%3Anormal&#8221;][vc_column_text el_class=&#8221;hb-max-80&#8243;]<span style=\"color: #ffffff;\">Algunas de tus reuniones clave pueden requerir servicios de facilitaci\u00f3n profesional de un tercero. Como Coach de Liderazgo Social, puedo ofrecerte esos servicios en l\u00ednea o en el sitio. Para obtener m\u00e1s informaci\u00f3n, incluyendo la disponibilidad y los precios, <u>haz <a style=\"color: #ffffff;\" href=\"https:\/\/tslc.ssquarestech.com\/es\/solicitar-informacion\/\">clic aqu\u00ed<\/a><\/u>.<\/span>[\/vc_column_text][\/vc_column][\/vc_row][vc_row animation=&#8221;fade-in&#8221; fullwidth=&#8221;yes&#8221; border=&#8221;yes&#8221; top_margin=&#8221;0&#8243; bottom_margin=&#8221;0&#8243; background_color=&#8221;#272b2f&#8221; css=&#8221;.vc_custom_1467299789319{margin-top: 0px !important;margin-bottom: 0px !important;}&#8221;][vc_column width=&#8221;1\/3&#8243; css=&#8221;.vc_custom_1467290028881{border-right-width: 1px !important;padding-top: 45px !important;padding-bottom: 50px !important;border-right-color: #353535 !important;border-right-style: solid !important;}&#8221;][vc_icon type=&#8221;linecons&#8221; icon_linecons=&#8221;vc_li vc_li-bulb&#8221; color=&#8221;custom&#8221; size=&#8221;xl&#8221; align=&#8221;center&#8221; custom_color=&#8221;#dce2c1&#8243; css=&#8221;.vc_custom_1551315441363{margin-top: 0px !important;margin-bottom: 20px !important;}&#8221;][vc_custom_heading text=&#8221;Desarrollo de Mesa Redonda y Colaboraci\u00f3n&#8221; font_container=&#8221;tag:p|font_size:22px|text_align:center|color:%23ffffff|line_height:32px&#8221; google_fonts=&#8221;font_family:Roboto%3A100%2C100italic%2C300%2C300italic%2Cregular%2Citalic%2C500%2C500italic%2C700%2C700italic%2C900%2C900italic|font_style:500%20bold%20regular%3A500%3Anormal&#8221;][vc_column_text el_class=&#8221;hb-max-80&#8243;]<span style=\"color: #ffffff;\">El cambio social requiere colaboraci\u00f3n y la construcci\u00f3n de alianzas entre sectores. Como Coach de Liderazgo Social, ayudo en la implantaci\u00f3n de los procesos de colaboraci\u00f3n de mesa redonda, basados en el consenso. Para obtener m\u00e1s informaci\u00f3n, incluyendo la disponibilidad y los precios, <u>haz <a style=\"color: #ffffff;\" href=\"https:\/\/tslc.ssquarestech.com\/es\/solicitar-informacion\/\">clic aqu\u00ed<\/a><\/u>.<\/span><\/p>\n<p><span style=\"color: #ffffff;\">Tambi\u00e9n ofrezco recursos relacionados a trav\u00e9s de mi blog y lista de suscripci\u00f3n. Para suscribirte, por favor <a style=\"color: #ffffff;\" href=\"https:\/\/mailchi.mp\/749204f6b18b\/liderazgo\" target=\"_blank\" rel=\"noopener\"><u>haz clic aqu\u00ed<\/u><\/a>.<\/span>[\/vc_column_text][\/vc_column][vc_column width=&#8221;1\/3&#8243; css=&#8221;.vc_custom_1467290034912{border-right-width: 1px !important;padding-top: 45px !important;padding-bottom: 50px !important;border-right-color: #353535 !important;border-right-style: solid !important;}&#8221;][vc_icon type=&#8221;linecons&#8221; icon_linecons=&#8221;vc_li vc_li-params&#8221; color=&#8221;custom&#8221; size=&#8221;xl&#8221; align=&#8221;center&#8221; custom_color=&#8221;#dce2c1&#8243; css=&#8221;.vc_custom_1550588423173{margin-top: 0px !important;margin-bottom: 20px !important;}&#8221;][vc_custom_heading text=&#8221;Planificaci\u00f3n Estrat\u00e9gica u Operacional&#8221; font_container=&#8221;tag:p|font_size:22px|text_align:center|color:%23ffffff|line_height:32px&#8221; google_fonts=&#8221;font_family:Roboto%3A100%2C100italic%2C300%2C300italic%2Cregular%2Citalic%2C500%2C500italic%2C700%2C700italic%2C900%2C900italic|font_style:500%20bold%20regular%3A500%3Anormal&#8221;][vc_column_text el_class=&#8221;hb-max-80&#8243;]<span style=\"color: #ffffff;\">Como Coach de Liderazgo Social, oriento a las organizaciones en sus procesos de planificaci\u00f3n estrat\u00e9gica, as\u00ed como otros esfuerzos de planificaci\u00f3n. Para obtener m\u00e1s informaci\u00f3n, incluyendo la disponibilidad y los precios, haz <a style=\"color: #ffffff;\" href=\"https:\/\/tslc.ssquarestech.com\/es\/solicitar-informacion\/\">clic aqu\u00ed<\/a>.<\/span><\/p>\n<p><span style=\"color: #ffffff;\">Tambi\u00e9n ofrezco recursos relacionados a trav\u00e9s de mi blog y lista de suscripci\u00f3n. Para suscribirte, por favor <a style=\"color: #ffffff;\" href=\"https:\/\/mailchi.mp\/749204f6b18b\/liderazgo\" target=\"_blank\" rel=\"noopener\">haz clic aqu\u00ed<\/a>.<\/span>[\/vc_column_text][\/vc_column][vc_column width=&#8221;1\/3&#8243; css=&#8221;.vc_custom_1467290040470{border-right-width: 0px !important;padding-top: 45px !important;padding-bottom: 50px !important;border-right-color: #f7f7f7 !important;border-right-style: solid !important;}&#8221;][vc_icon type=&#8221;linecons&#8221; icon_linecons=&#8221;vc_li vc_li-star&#8221; color=&#8221;custom&#8221; size=&#8221;xl&#8221; align=&#8221;center&#8221; custom_color=&#8221;#dce2c1&#8243; css=&#8221;.vc_custom_1467290198666{margin-top: 0px !important;margin-bottom: 20px !important;}&#8221;][vc_custom_heading text=&#8221;Optimizaci\u00f3n de Juntas Directivas&#8221; font_container=&#8221;tag:p|font_size:22px|text_align:center|color:%23ffffff|line_height:32px&#8221; google_fonts=&#8221;font_family:Roboto%3A100%2C100italic%2C300%2C300italic%2Cregular%2Citalic%2C500%2C500italic%2C700%2C700italic%2C900%2C900italic|font_style:500%20bold%20regular%3A500%3Anormal&#8221;][vc_column_text el_class=&#8221;hb-max-80&#8243;]<span style=\"color: #ffffff;\">Una Junta Directiva puede crear o destruir una organizaci\u00f3n filantr\u00f3pica o una empresa de responsabilidad social. Como Coach de Liderazgo Social, ayudo a las Juntas Directivas a servir mejor a su comunidad, al alinear sus estatutos, reclutamiento, estilo, planes y procesos, con los sue\u00f1os de sus organizaciones. Para obtener m\u00e1s informaci\u00f3n, incluyendo la disponibilidad y los precios, haz <a style=\"color: #ffffff;\" href=\"https:\/\/tslc.ssquarestech.com\/es\/solicitar-informacion\/\">clic aqu\u00ed<\/a>.<\/span><\/p>\n<p><span style=\"color: #ffffff;\">Tambi\u00e9n ofrezco recursos relacionados a trav\u00e9s de mi blog y lista de suscripci\u00f3n. Para suscribirte, por favor<a style=\"color: #ffffff;\" href=\"https:\/\/mailchi.mp\/749204f6b18b\/liderazgo\" target=\"_blank\" rel=\"noopener\"> haz clic aqu\u00ed<\/a>.<\/span>[\/vc_column_text][\/vc_column][\/vc_row][vc_row animation=&#8221;fade-in&#8221; fullwidth=&#8221;yes&#8221; border=&#8221;yes&#8221; top_margin=&#8221;0&#8243; bottom_margin=&#8221;0&#8243; background_color=&#8221;#272b2f&#8221; css=&#8221;.vc_custom_1467299789319{margin-top: 0px !important;margin-bottom: 0px !important;}&#8221;][vc_column width=&#8221;1\/3&#8243; css=&#8221;.vc_custom_1467290028881{border-right-width: 1px !important;padding-top: 45px !important;padding-bottom: 50px !important;border-right-color: #353535 !important;border-right-style: solid !important;}&#8221;][vc_icon type=&#8221;linecons&#8221; icon_linecons=&#8221;vc_li vc_li-study&#8221; color=&#8221;custom&#8221; size=&#8221;xl&#8221; align=&#8221;center&#8221; custom_color=&#8221;#dce2c1&#8243; css=&#8221;.vc_custom_1550588482231{margin-top: 0px !important;margin-bottom: 20px !important;}&#8221;][vc_custom_heading text=&#8221;Capacitaci\u00f3n&#8221; font_container=&#8221;tag:p|font_size:22px|text_align:center|color:%23ffffff|line_height:32px&#8221; google_fonts=&#8221;font_family:Roboto%3A100%2C100italic%2C300%2C300italic%2Cregular%2Citalic%2C500%2C500italic%2C700%2C700italic%2C900%2C900italic|font_style:500%20bold%20regular%3A500%3Anormal&#8221;][vc_column_text el_class=&#8221;hb-max-80&#8243;]<span style=\"color: #ffffff;\">Como Coach de Liderazgo Social, ofrezco cursos de capacitaci\u00f3n en l\u00ednea, seminarios web y materiales de aprendizaje sobre una variedad de temas relevantes para los l\u00edderes sociales de hoy. Estos est\u00e1n disponibles en mi blog, as\u00ed como en mis p\u00e1ginas de redes sociales y en la lista de suscripciones. Para suscribirte, por favor <a style=\"color: #ffffff;\" href=\"https:\/\/mailchi.mp\/749204f6b18b\/liderazgo\" target=\"_blank\" rel=\"noopener\">haz clic aqu\u00ed.<\/a><\/span>[\/vc_column_text][\/vc_column][vc_column width=&#8221;1\/3&#8243; css=&#8221;.vc_custom_1467290034912{border-right-width: 1px !important;padding-top: 45px !important;padding-bottom: 50px !important;border-right-color: #353535 !important;border-right-style: solid !important;}&#8221;][vc_icon type=&#8221;linecons&#8221; icon_linecons=&#8221;vc_li vc_li-settings&#8221; color=&#8221;custom&#8221; size=&#8221;xl&#8221; align=&#8221;center&#8221; custom_color=&#8221;#dce2c1&#8243; css=&#8221;.vc_custom_1551315639012{margin-top: 0px !important;margin-bottom: 20px !important;}&#8221;][vc_custom_heading text=&#8221;Consultor\u00eda de Desarrollo u Operacional&#8221; font_container=&#8221;tag:p|font_size:22px|text_align:center|color:%23ffffff|line_height:32px&#8221; google_fonts=&#8221;font_family:Roboto%3A100%2C100italic%2C300%2C300italic%2Cregular%2Citalic%2C500%2C500italic%2C700%2C700italic%2C900%2C900italic|font_style:500%20bold%20regular%3A500%3Anormal&#8221;][vc_column_text el_class=&#8221;hb-max-80&#8243;]<span style=\"color: #ffffff;\">Algunas entidades pueden requerir una mayor asistencia pr\u00e1ctica con un proyecto o problema espec\u00edfico. Como Coach de Liderazgo Social, te puedo ofrecer servicios de consultor\u00eda espec\u00edficos en este tipo de instancia. Los ejemplos incluyen diagn\u00f3sticos y preparaci\u00f3n de materiales personalizados. Para obtener m\u00e1s informaci\u00f3n, incluyendo la disponibilidad y los precios, haz <a style=\"color: #ffffff;\" href=\"https:\/\/tslc.ssquarestech.com\/es\/solicitar-informacion\/\">clic aqu\u00ed<\/a>.<\/span>[\/vc_column_text][\/vc_column][vc_column width=&#8221;1\/3&#8243; css=&#8221;.vc_custom_1467290040470{border-right-width: 0px !important;padding-top: 45px !important;padding-bottom: 50px !important;border-right-color: #f7f7f7 !important;border-right-style: solid !important;}&#8221;][vc_icon type=&#8221;linecons&#8221; icon_linecons=&#8221;vc_li vc_li-pen&#8221; color=&#8221;custom&#8221; size=&#8221;xl&#8221; align=&#8221;center&#8221; custom_color=&#8221;#dce2c1&#8243; css=&#8221;.vc_custom_1550588459522{margin-top: 0px !important;margin-bottom: 20px !important;}&#8221;][vc_custom_heading text=&#8221;Art\u00edculos&#8221; font_container=&#8221;tag:p|font_size:22px|text_align:center|color:%23ffffff|line_height:32px&#8221; google_fonts=&#8221;font_family:Roboto%3A100%2C100italic%2C300%2C300italic%2Cregular%2Citalic%2C500%2C500italic%2C700%2C700italic%2C900%2C900italic|font_style:500%20bold%20regular%3A500%3Anormal&#8221;][vc_column_text el_class=&#8221;hb-max-80&#8243;]<span style=\"color: #ffffff;\">Como Coach de Liderazgo Social, preparo gu\u00edas sobre una variedad de temas complejos de liderazgo social y redacto informes oficiales por encargo.<\/span><\/p>\n<p><span style=\"color: #ffffff;\">Para recibir actualizaciones sobre mis notas t\u00e9cnicas, instrucciones y gu\u00edas, <a style=\"color: #ffffff;\" href=\"https:\/\/mailchi.mp\/749204f6b18b\/liderazgo\" target=\"_blank\" rel=\"noopener\">suscr\u00edbete <u>aqu\u00ed<\/u><\/a>.<\/span>[\/vc_column_text][\/vc_column][\/vc_row][vc_row fullwidth=&#8221;yes&#8221; top_margin=&#8221;0&#8243; bottom_margin=&#8221;0&#8243; css=&#8221;.vc_custom_1467549313986{margin-bottom: 0px !important;padding-top: 60px !important;padding-bottom: 60px !important;}&#8221; background_color=&#8221;#ffffff&#8221;][vc_column css=&#8221;.vc_custom_1467549256000{margin-bottom: 0px !important;}&#8221;][vc_custom_heading text=&#8221;Crece como L\u00edder Social&#8221; font_container=&#8221;tag:h3|font_size:48px|text_align:center|color:%23222222|line_height:56px&#8221; google_fonts=&#8221;font_family:Playfair%20Display%3Aregular%2Citalic%2C700%2C700italic%2C900%2C900italic|font_style:400%20regular%3A400%3Anormal&#8221; css=&#8221;.vc_custom_1550588954810{margin-bottom: 10px !important;}&#8221;][vc_custom_heading text=&#8221;Interact\u00faa conmigo&#8221; font_container=&#8221;tag:p|font_size:22px|text_align:center|color:%23777777|line_height:32px&#8221; google_fonts=&#8221;font_family:Roboto%3A100%2C100italic%2C300%2C300italic%2Cregular%2Citalic%2C500%2C500italic%2C700%2C700italic%2C900%2C900italic|font_style:300%20light%20regular%3A300%3Anormal&#8221;][vc_raw_html]PGRpdiBjbGFzcz0iaGItemlnLXphZy1zZXBhcmF0b3ItaG9sZGVyIGNsZWFyZml4IiBzdHlsZT0ibWFyZ2luLXRvcDogMjlweDsgbWFyZ2luLWJvdHRvbTogMjBweDsgdGV4dC1hbGlnbjogY2VudGVyOyI+PC9kaXY+DQo8c3R5bGUgdHlwZT0idGV4dC9jc3MiPg0KLmhiLXppZy16YWctc2VwYXJhdG9yLWhvbGRlciAuaGItemlnLXphZy1zZXBhcmF0b3IgezxiciAvPiAgICBmaWxsOiBub25lOzxiciAvPiAgICBzdHJva2U6ICNkZGQ7PGJyIC8+ICAgIHN0cm9rZS13aWR0aDogMy43OzxiciAvPiAgICBzdHJva2UtbWl0ZXJsaW1pdDogMTA7PGJyIC8+fTxiciAvPjwvc3R5bGU+[\/vc_raw_html]<div class=\"shortcode-wrapper shortcode-spacer clearfix\"><div class=\"spacer\" style=\"height:40px;\"><\/div><\/div>[vc_column_text]<span style=\"font-weight: 400;\"><div class=\"hb-process-steps clearfix steps-4 \"><ul class=\"hb-process\"><\/span><\/p>\n<p><span style=\"font-weight: 400;\"><li><div class=\"feature-box aligncenter\"><a href=\"https:\/\/tslc.ssquarestech.com\/es\/blog\/\"><i class=\"ic-holder-1\">1<\/i><\/a><a href=\"https:\/\/tslc.ssquarestech.com\/es\/blog\/\"><h4 class=\"bold\">Lee mi blog<\/h4><\/a><div class=\"hb-small-break\"><\/div><p><\/span><span style=\"font-weight: 400;\">Tengo muchas herramientas gratuitas, recursos e historias inspiradoras para ti.<\/span><span style=\"font-weight: 400;\"><\/p><\/div><\/li><\/span><\/p>\n<p><span style=\"font-weight: 400;\"><li><div class=\"feature-box aligncenter\"><a href=\"https:\/\/twitter.com\/SoLeadCoach\" target=\"_blank\" rel=\"noopener\"><i class=\"hb-moon-heart ic-holder-1\"><\/i><\/a><a href=\"https:\/\/twitter.com\/SoLeadCoach\" target=\"_blank\" rel=\"noopener\"><h4 class=\"bold\">Sigueme en las Redes<\/h4><\/a><div class=\"hb-small-break\"><\/div><p><\/span><span style=\"font-weight: 400;\">Con\u00e9ctate conmigo para unirte a nuestra comunidad de liderazgo social.<\/span><span style=\"font-weight: 400;\"><\/p><\/div><\/li><\/span><\/p>\n<p><span style=\"font-weight: 400;\"><li><div class=\"feature-box aligncenter\"><a href=\"https:\/\/mailchi.mp\/73e897ad8bb5\/leadership\" target=\"_blank\" rel=\"noopener\"><i class=\"hb-moon-star ic-holder-1\"><\/i><\/a><a href=\"https:\/\/mailchi.mp\/73e897ad8bb5\/leadership\" target=\"_blank\" rel=\"noopener\"><h4 class=\"bold\">Suscribete<\/h4><\/a><div class=\"hb-small-break\"><\/div><p><\/span><span style=\"font-weight: 400;\">Suscr\u00edbete para recibir ofertas exclusivas y acceder a mis seminarios web, capacitaciones y sesiones grupales.<\/span><span style=\"font-weight: 400;\"><\/p><\/div><\/li><\/span><\/p>\n<p><span style=\"font-weight: 400;\"><li><div class=\"feature-box aligncenter\"><a href=\"https:\/\/tslc.ssquarestech.com\/request-information\/\"><i class=\"hb-moon-envelop ic-holder-1\"><\/i><\/a><a href=\"https:\/\/tslc.ssquarestech.com\/request-information\/\"><h4 class=\"bold\">Solicitar Informacion<\/h4><\/a><div class=\"hb-small-break\"><\/div><p><\/span><span style=\"font-weight: 400;\">Ponte en contacto conmigo para obtener informaci\u00f3n sobre mis servicios de coaching personalizado.<\/span><span style=\"font-weight: 400;\"><\/p><\/div><\/li><\/span><\/p>\n<p><span style=\"font-weight: 400;\"><\/ul><\/div><\/span>[\/vc_column_text]<div class=\"shortcode-wrapper shortcode-spacer clearfix\"><div class=\"spacer\" style=\"height:60px;\"><\/div><\/div><div class=\"shortcode-wrapper shortcode-callout clearfix\"><div class=\"hb-callout-box\"><h3 class=\"\">Disfruta de tu membres\u00eda GRATIS a TheSocialLeadershipCoach. com<\/h3><a href=\"https:\/\/mailchi.mp\/749204f6b18b\/liderazgo\" class=\"hb-button\" no target=\"_blank\" rel=\"noopener\">Suscr\u00edbete<\/a><\/div><\/div>[\/vc_column][\/vc_row][vc_row fullwidth=&#8221;yes&#8221; bg_type=&#8221;bg_image&#8221; bg_repeat=&#8221;repeat&#8221; top_margin=&#8221;0&#8243; bottom_margin=&#8221;0&#8243; css=&#8221;.vc_custom_1467290457857{margin-top: 0px !important;margin-bottom: -80px !important;padding-top: 60px !important;}&#8221; image_url=&#8221;33&#8243;][vc_column animation=&#8221;fade-in&#8221; css=&#8221;.vc_custom_1467299800926{padding-bottom: 40px !important;}&#8221;][vc_custom_heading text=&#8221;Los Verdaderos L\u00edderes Sociales&#8221; font_container=&#8221;tag:h3|font_size:48px|text_align:center|color:%23222222|line_height:56px&#8221; google_fonts=&#8221;font_family:Playfair%20Display%3Aregular%2Citalic%2C700%2C700italic%2C900%2C900italic|font_style:400%20regular%3A400%3Anormal&#8221; css=&#8221;.vc_custom_1551725854158{margin-bottom: 10px !important;}&#8221;][vc_custom_heading text=&#8221;Crecen y aprenden&#8221; font_container=&#8221;tag:p|font_size:22px|text_align:center|color:%23777777|line_height:32px&#8221; google_fonts=&#8221;font_family:Roboto%3A100%2C100italic%2C300%2C300italic%2Cregular%2Citalic%2C500%2C500italic%2C700%2C700italic%2C900%2C900italic|font_style:300%20light%20regular%3A300%3Anormal&#8221;][vc_raw_html]PGRpdiBjbGFzcz0iaGItemlnLXphZy1zZXBhcmF0b3ItaG9sZGVyIGNsZWFyZml4IiBzdHlsZT0ibWFyZ2luLXRvcDogMjlweDsgbWFyZ2luLWJvdHRvbTogMjBweDsgdGV4dC1hbGlnbjogY2VudGVyOyI+PC9kaXY+DQo8c3R5bGUgdHlwZT0idGV4dC9jc3MiPg0KLmhiLXppZy16YWctc2VwYXJhdG9yLWhvbGRlciAuaGItemlnLXphZy1zZXBhcmF0b3IgezxiciAvPiAgICBmaWxsOiBub25lOzxiciAvPiAgICBzdHJva2U6ICNkZGQ7PGJyIC8+ICAgIHN0cm9rZS13aWR0aDogMy43OzxiciAvPiAgICBzdHJva2UtbWl0ZXJsaW1pdDogMTA7PGJyIC8+fTxiciAvPjwvc3R5bGU+[\/vc_raw_html]<div class=\"shortcode-wrapper shortcode-spacer clearfix\"><div class=\"spacer\" style=\"height:40px;\"><\/div><\/div>[vc_tta_pageable][vc_tta_section title=&#8221;Section 1&#8243; tab_id=&#8221;1467212175589-75e26621-9e4e&#8221;][vc_row_inner][vc_column_inner width=&#8221;1\/2&#8243; css=&#8221;.vc_custom_1467212402962{padding-top: 40px !important;padding-right: 40px !important;padding-bottom: 15px !important;padding-left: 40px !important;background-color: #ffffff !important;}&#8221;][vc_icon type=&#8221;openiconic&#8221; icon_openiconic=&#8221;vc-oi vc-oi-quote-right&#8221; color=&#8221;custom&#8221; custom_color=&#8221;#444444&#8243; el_class=&#8221;quote-placeholder&#8221; css=&#8221;.vc_custom_1467213088648{margin: 0px !important;border-width: 0px !important;padding: 0px !important;}&#8221;][vc_column_text]\u201c<em>Nuestras sesiones de coaching han sido uno de los mejores regalos que he recibido en mi vida. Ha mejorado mi capacidad para hacer lo que m\u00e1s amo: transformar las escuelas en mejores lugares para los ni\u00f1os. Ha sido una experiencia alegre, llena de respeto y alegr\u00eda<\/em>.\u201d<\/p>\n<p><span style=\"color: #99cc00;\">Ana Maria Garcia Blanco, Instituto Nueva Escuela<\/span>[\/vc_column_text][\/vc_column_inner][vc_column_inner width=&#8221;1\/2&#8243; css=&#8221;.vc_custom_1467213285868{padding-top: 40px !important;padding-right: 40px !important;padding-bottom: 15px !important;padding-left: 40px !important;background-color: #ffffff !important;}&#8221;][vc_icon type=&#8221;openiconic&#8221; icon_openiconic=&#8221;vc-oi vc-oi-quote-right&#8221; color=&#8221;custom&#8221; custom_color=&#8221;#444444&#8243; el_class=&#8221;quote-placeholder&#8221; css=&#8221;.vc_custom_1467213088648{margin: 0px !important;border-width: 0px !important;padding: 0px !important;}&#8221;][vc_column_text]\u201c<em>Cristina es un recurso clave para el desarrollo de nuestra Junta Directiva y Gerentes de Programas, as\u00ed como nuestra planificaci\u00f3n estrat\u00e9gica. Ella ha orientado magistralmente a nuestro equipo, mediante su reflexi\u00f3n conceptual y pr\u00e1ctica. Su estilo hace que la planificaci\u00f3n estrat\u00e9gica parezca simple, cuando se trata de un proceso verdaderamente profundo y trascendental. Cristina ha logrado la participaci\u00f3n de todos, fomentando el aprendizaje y un sentido de pertenencia<\/em>. \u201c<\/p>\n<p><span style=\"color: #99cc00;\">Maribel Caro, J\u00f3venes de Puerto Rico en Riesgo<\/span>[\/vc_column_text][\/vc_column_inner][\/vc_row_inner][\/vc_tta_section][\/vc_tta_pageable][\/vc_column][\/vc_row]\n<\/div>","protected":false},"excerpt":{"rendered":"<p>[vc_row animation=&#8221;fade-in&#8221; fullwidth=&#8221;yes&#8221; top_margin=&#8221;0&#8243; bottom_margin=&#8221;0&#8243; background_color=&#8221;#272b2f&#8221; css=&#8221;.vc_custom_1467299776807{margin-top: -50px !important;margin-bottom: 0px !important;}&#8221;][vc_column width=&#8221;1\/3&#8243; css=&#8221;.vc_custom_1467290007001{border-right-width: 1px !important;padding-top: 75px !important;padding-bottom: 20px !important;border-right-color: #353535 [&hellip;]<\/p>\n","protected":false},"author":1,"featured_media":0,"parent":0,"menu_order":0,"comment_status":"closed","ping_status":"closed","template":"","meta":{"nf_dc_page":"","_exactmetrics_skip_tracking":false,"_exactmetrics_sitenote_active":false,"_exactmetrics_sitenote_note":"","_exactmetrics_sitenote_category":0,"footnotes":""},"class_list":["post-340","page","type-page","status-publish","hentry"],"_links":{"self":[{"href":"https:\/\/tslc.ssquarestech.com\/es\/wp-json\/wp\/v2\/pages\/340","targetHints":{"allow":["GET"]}}],"collection":[{"href":"https:\/\/tslc.ssquarestech.com\/es\/wp-json\/wp\/v2\/pages"}],"about":[{"href":"https:\/\/tslc.ssquarestech.com\/es\/wp-json\/wp\/v2\/types\/page"}],"author":[{"embeddable":true,"href":"https:\/\/tslc.ssquarestech.com\/es\/wp-json\/wp\/v2\/users\/1"}],"replies":[{"embeddable":true,"href":"https:\/\/tslc.ssquarestech.com\/es\/wp-json\/wp\/v2\/comments?post=340"}],"version-history":[{"count":11,"href":"https:\/\/tslc.ssquarestech.com\/es\/wp-json\/wp\/v2\/pages\/340\/revisions"}],"predecessor-version":[{"id":410,"href":"https:\/\/tslc.ssquarestech.com\/es\/wp-json\/wp\/v2\/pages\/340\/revisions\/410"}],"wp:attachment":[{"href":"https:\/\/tslc.ssquarestech.com\/es\/wp-json\/wp\/v2\/media?parent=340"}],"curies":[{"name":"wp","href":"https:\/\/api.w.org\/{rel}","templated":true}]}}